{"id":847,"date":"2023-08-05T20:20:46","date_gmt":"2023-08-05T23:20:46","guid":{"rendered":"http:\/\/localhost\/seiva2026\/?page_id=847"},"modified":"2023-08-26T16:37:04","modified_gmt":"2023-08-26T19:37:04","slug":"ti-gestao-e-consultoria","status":"publish","type":"page","link":"https:\/\/seivadartes.com.br\/?page_id=847","title":{"rendered":"TI Gest\u00e3o e Consultoria"},"content":{"rendered":"\n<div style=\"height:100px\" aria-hidden=\"true\" class=\"wp-block-spacer\"><\/div>\n\n\n\n<div class=\"wp-block-cover\"><span aria-hidden=\"true\" class=\"wp-block-cover__background has-background-dim-0 has-background-dim\"><\/span><img fetchpriority=\"high\" decoding=\"async\" width=\"1422\" height=\"632\" class=\"wp-block-cover__image-background wp-image-1243\" alt=\"\" src=\"https:\/\/seivadartes.com.br\/wp-content\/uploads\/2023\/08\/Fundo_Tec-14.jpg\" data-object-fit=\"cover\"\/><div class=\"wp-block-cover__inner-container is-layout-flow wp-block-cover-is-layout-flow\">\n<p class=\"has-text-align-center has-vivid-red-color has-text-color\" style=\"font-size:25px\">Tecnologia da Informa\u00e7\u00e3o e Comunica\u00e7\u00e3o<\/p>\n\n\n\n<div class=\"wp-block-group\"><div class=\"wp-block-group__inner-container is-layout-constrained wp-block-group-is-layout-constrained\">\n<div class=\"wp-block-columns is-layout-flex wp-container-core-columns-is-layout-9d6595d7 wp-block-columns-is-layout-flex\">\n<div class=\"wp-block-column is-layout-flow wp-block-column-is-layout-flow\"><\/div>\n<\/div>\n<\/div><\/div>\n\n\n\n<div class=\"wp-block-columns is-layout-flex wp-container-core-columns-is-layout-9d6595d7 wp-block-columns-is-layout-flex\">\n<div class=\"wp-block-column is-layout-flow wp-block-column-is-layout-flow\" style=\"flex-basis:25%\"><\/div>\n\n\n\n<div class=\"wp-block-column is-layout-flow wp-block-column-is-layout-flow\" style=\"flex-basis:50%\">\n<p style=\"font-size:20px\">Somos uma empresa provedora de servi\u00e7os de TI e de Comunica\u00e7\u00e3o desenvolvendo projetos e oferecendo suporte t\u00e9cnico necess\u00e1rio para o bom andamento dos neg\u00f3cios com gest\u00e3o administrativa e log\u00edsticas operacionais.<\/p>\n\n\n\n<p style=\"font-size:20px\">Desenvolvemos um relacionamento com nossos parceiros e clientes, utilizando boas t\u00e9cnicas na an\u00e1lise de cada projeto, afim de buscar solu\u00e7\u00f5es que atendam as expectativas pretendidas.<\/p>\n<\/div>\n\n\n\n<div class=\"wp-block-column is-layout-flow wp-block-column-is-layout-flow\" style=\"flex-basis:25%\"><div class=\"wp-block-image\">\n<figure class=\"alignleft size-full is-resized\"><img decoding=\"async\" src=\"https:\/\/seivadartes.com.br\/wp-content\/uploads\/2023\/08\/Sistema-TI-V2.jpg\" alt=\"\" class=\"wp-image-1385\" style=\"width:210px;height:354px\" width=\"210\" height=\"354\"\/><\/figure>\n<\/div><\/div>\n<\/div>\n\n\n\n<div class=\"wp-block-columns is-layout-flex wp-container-core-columns-is-layout-9d6595d7 wp-block-columns-is-layout-flex\">\n<div class=\"wp-block-column is-layout-flow wp-block-column-is-layout-flow\" style=\"flex-basis:66.66%\"><\/div>\n\n\n\n<div class=\"wp-block-column is-layout-flow wp-block-column-is-layout-flow\" style=\"flex-basis:33.33%\"><\/div>\n<\/div>\n<\/div><\/div>\n\n\n\n<div class=\"wp-block-columns is-layout-flex wp-container-core-columns-is-layout-9d6595d7 wp-block-columns-is-layout-flex\">\n<div class=\"wp-block-column is-layout-flow wp-block-column-is-layout-flow\" style=\"flex-basis:33.33%\"><\/div>\n\n\n\n<div class=\"wp-block-column is-layout-flow wp-block-column-is-layout-flow\" style=\"flex-basis:66.66%\"><\/div>\n<\/div>\n\n\n\n<div class=\"wp-block-columns is-layout-flex wp-container-core-columns-is-layout-9d6595d7 wp-block-columns-is-layout-flex\">\n<div class=\"wp-block-column is-layout-flow wp-block-column-is-layout-flow\" style=\"flex-basis:66.66%\">\n<blockquote class=\"wp-block-quote has-black-color has-text-color is-layout-flow wp-block-quote-is-layout-flow\" style=\"font-size:16px\">\n<p class=\"has-vivid-red-color has-text-color has-medium-font-size\"><em>T\u00f3picos de Atendimento &#8211; Desenvolvimentos<\/em><\/p>\n<cite><em> An\u00e1lise e levantamentos e fluxo de dados para o sistema<br>Programa\u00e7\u00e3o do sistema projetado ap\u00f3s an\u00e1lise de fluxogramas<br>Servi\u00e7os de comunica\u00e7\u00e3o atrav\u00e9s de Redes Intranet, Internet<br>Provemos rotinas de seguran\u00e7a e prote\u00e7\u00e3o de dados<br>Assist\u00eancia t\u00e9cnica e resolu\u00e7\u00f5es dos problemas de TI<br>Desenvolvimento de design e manuten\u00e7\u00e3o de WebSites<br>Proporcionamos treinamento a funcion\u00e1rios inhouse<br>Instala\u00e7\u00e3o de sistemas e aplicativos pr\u00f3prios ou de parceiros<br>Coleta e sele\u00e7\u00e3o de dados gerenciais (relat\u00f3rios e gr\u00e1ficos)<\/em><br>A<em>tendimento ao cliente e usu\u00e1rios (documenta\u00e7\u00e3o, helpdesk, treinamento)<\/em><\/cite><\/blockquote>\n<\/div>\n\n\n\n<div class=\"wp-block-column is-layout-flow wp-block-column-is-layout-flow\" style=\"flex-basis:33.33%\">\n<div class=\"wp-block-cover is-light\" style=\"min-height:316px;aspect-ratio:unset;\"><span aria-hidden=\"true\" class=\"wp-block-cover__background has-background-dim-0 has-background-dim\"><\/span><img decoding=\"async\" width=\"298\" height=\"296\" class=\"wp-block-cover__image-background wp-image-1572\" alt=\"\" src=\"https:\/\/seivadartes.com.br\/wp-content\/uploads\/2023\/08\/ConfEq-13.jpg\" style=\"object-position:46% 27%\" data-object-fit=\"cover\" data-object-position=\"46% 27%\"\/><div class=\"wp-block-cover__inner-container is-layout-flow wp-block-cover-is-layout-flow\">\n<h2 class=\"wp-block-heading\" style=\"font-size:25px\">Equipamentos<\/h2>\n\n\n\n<p style=\"font-size:10px\"><\/p>\n\n\n\n<p class=\"has-black-color has-text-color\" style=\"font-size:16px\"><strong>Vamos configurar juntos a melhor op\u00e7\u00e3o deles e acess\u00f3rios, que atendam com  qualidade seu sistema de trabalho.<\/strong><br><br><strong>\u220e Selecionamos fornecedores de qualidade<\/strong><br><strong>\u220e Apresentamos configura\u00e7\u00f5es com seus or\u00e7amentos<\/strong><br><strong>\u220e Instalamos os Equipamentos<\/strong><br><br><strong>Consulte-nos!<\/strong><\/p>\n<\/div><\/div>\n<\/div>\n<\/div>\n\n\n\n<div style=\"height:30px\" aria-hidden=\"true\" class=\"wp-block-spacer\"><\/div>\n\n\n\n<div class=\"wp-block-cover\"><span aria-hidden=\"true\" class=\"wp-block-cover__background has-background-dim-0 has-background-dim\"><\/span><img loading=\"lazy\" decoding=\"async\" width=\"1422\" height=\"632\" class=\"wp-block-cover__image-background wp-image-1245\" alt=\"\" src=\"https:\/\/seivadartes.com.br\/wp-content\/uploads\/2023\/08\/Fundo_Tec-14-V.jpg\" style=\"object-position:0% 1%\" data-object-fit=\"cover\" data-object-position=\"0% 1%\"\/><div class=\"wp-block-cover__inner-container is-layout-flow wp-block-cover-is-layout-flow\">\n<div class=\"wp-block-columns is-layout-flex wp-container-core-columns-is-layout-9d6595d7 wp-block-columns-is-layout-flex\">\n<div class=\"wp-block-column is-layout-flow wp-block-column-is-layout-flow\"><\/div>\n<\/div>\n\n\n\n<div class=\"wp-block-columns is-layout-flex wp-container-core-columns-is-layout-9d6595d7 wp-block-columns-is-layout-flex\">\n<div class=\"wp-block-column is-layout-flow wp-block-column-is-layout-flow\" style=\"flex-basis:33.33%\"><div class=\"wp-block-image\">\n<figure class=\"aligncenter size-full is-resized\"><img loading=\"lazy\" decoding=\"async\" src=\"https:\/\/seivadartes.com.br\/wp-content\/uploads\/2023\/08\/Gestao-V.jpg\" alt=\"\" class=\"wp-image-1370\" style=\"width:215px;height:362px\" width=\"215\" height=\"362\"\/><\/figure>\n<\/div><\/div>\n\n\n\n<div class=\"wp-block-column is-layout-flow wp-block-column-is-layout-flow\" style=\"flex-basis:66.66%\">\n<p class=\"has-vivid-red-color has-text-color\" style=\"font-size:25px\">Gest\u00e3o e Consultoria &#8211; Por Especialidade<\/p>\n\n\n\n<ul class=\"wp-block-list\">\n<li style=\"font-size:20px\">Infra estrutura de redes e computadores<\/li>\n\n\n\n<li style=\"font-size:20px\">Pontos de Vendas (POS) &#8211; Supermercados<\/li>\n\n\n\n<li style=\"font-size:20px\">Conex\u00f5es IOT (Internet das Coisas)<\/li>\n\n\n\n<li class=\"has-medium-font-size\">Redes de computadores Micros Mainframes<\/li>\n\n\n\n<li class=\"has-medium-font-size\">Implementa\u00e7\u00e3o e conec\u00e7\u00f5es M\u00eddias Sociais<\/li>\n\n\n\n<li class=\"has-medium-font-size\">Trabalho e opera\u00e7\u00f5es Home Office<\/li>\n\n\n\n<li class=\"has-medium-font-size\">Redes de Farmacias e Restaurantes<\/li>\n\n\n\n<li class=\"has-medium-font-size\">Gerenciamento Hotelaria<\/li>\n\n\n\n<li class=\"has-medium-font-size\">Integra\u00e7\u00e3o de servi\u00e7os de TI<\/li>\n<\/ul>\n<\/div>\n<\/div>\n\n\n\n<div class=\"wp-block-columns is-layout-flex wp-container-core-columns-is-layout-9d6595d7 wp-block-columns-is-layout-flex\">\n<div class=\"wp-block-column is-layout-flow wp-block-column-is-layout-flow\">\n<div class=\"wp-block-columns is-layout-flex wp-container-core-columns-is-layout-9d6595d7 wp-block-columns-is-layout-flex\">\n<div class=\"wp-block-column is-layout-flow wp-block-column-is-layout-flow\" style=\"flex-basis:66.66%\"><\/div>\n\n\n\n<div class=\"wp-block-column is-layout-flow wp-block-column-is-layout-flow\" style=\"flex-basis:33.33%\"><\/div>\n<\/div>\n\n\n\n<div class=\"wp-block-columns is-layout-flex wp-container-core-columns-is-layout-9d6595d7 wp-block-columns-is-layout-flex\">\n<div class=\"wp-block-column is-layout-flow wp-block-column-is-layout-flow\"><\/div>\n<\/div>\n<\/div>\n<\/div>\n<\/div><\/div>\n\n\n\n<div class=\"wp-block-columns is-layout-flex wp-container-core-columns-is-layout-9d6595d7 wp-block-columns-is-layout-flex\">\n<div class=\"wp-block-column is-layout-flow wp-block-column-is-layout-flow\"><\/div>\n<\/div>\n","protected":false},"excerpt":{"rendered":"<p>T\u00f3picos de Atendimento &#8211; Desenvolvimentos<\/p>\n","protected":false},"author":1,"featured_media":0,"parent":0,"menu_order":0,"comment_status":"closed","ping_status":"closed","template":"templates\/template-page-full-width.php","meta":{"footnotes":""},"class_list":["post-847","page","type-page","status-publish","hentry"],"_links":{"self":[{"href":"https:\/\/seivadartes.com.br\/index.php?rest_route=\/wp\/v2\/pages\/847","targetHints":{"allow":["GET"]}}],"collection":[{"href":"https:\/\/seivadartes.com.br\/index.php?rest_route=\/wp\/v2\/pages"}],"about":[{"href":"https:\/\/seivadartes.com.br\/index.php?rest_route=\/wp\/v2\/types\/page"}],"author":[{"embeddable":true,"href":"https:\/\/seivadartes.com.br\/index.php?rest_route=\/wp\/v2\/users\/1"}],"replies":[{"embeddable":true,"href":"https:\/\/seivadartes.com.br\/index.php?rest_route=%2Fwp%2Fv2%2Fcomments&post=847"}],"version-history":[{"count":109,"href":"https:\/\/seivadartes.com.br\/index.php?rest_route=\/wp\/v2\/pages\/847\/revisions"}],"predecessor-version":[{"id":1643,"href":"https:\/\/seivadartes.com.br\/index.php?rest_route=\/wp\/v2\/pages\/847\/revisions\/1643"}],"wp:attachment":[{"href":"https:\/\/seivadartes.com.br\/index.php?rest_route=%2Fwp%2Fv2%2Fmedia&parent=847"}],"curies":[{"name":"wp","href":"https:\/\/api.w.org\/{rel}","templated":true}]}}