{"id":833,"date":"2023-08-05T18:18:45","date_gmt":"2023-08-05T21:18:45","guid":{"rendered":"http:\/\/localhost\/seiva2026\/?page_id=833"},"modified":"2023-08-26T16:38:23","modified_gmt":"2023-08-26T19:38:23","slug":"artes-editoracao-e-diagramacao","status":"publish","type":"page","link":"https:\/\/seivadartes.com.br\/?page_id=833","title":{"rendered":"Artes Editora\u00e7\u00e3o e Diagrama\u00e7\u00e3o"},"content":{"rendered":"\n<div style=\"height:100px\" aria-hidden=\"true\" class=\"wp-block-spacer\"><\/div>\n\n\n\n<div class=\"wp-block-cover\"><span aria-hidden=\"true\" class=\"wp-block-cover__background has-background-dim-0 has-background-dim\"><\/span><img fetchpriority=\"high\" decoding=\"async\" width=\"1422\" height=\"632\" class=\"wp-block-cover__image-background wp-image-1243\" alt=\"\" src=\"https:\/\/seivadartes.com.br\/wp-content\/uploads\/2023\/08\/Fundo_Tec-14.jpg\" data-object-fit=\"cover\"\/><div class=\"wp-block-cover__inner-container is-layout-flow wp-block-cover-is-layout-flow\">\n<div class=\"wp-block-group\"><div class=\"wp-block-group__inner-container is-layout-constrained wp-block-group-is-layout-constrained\">\n<div class=\"wp-block-columns is-layout-flex wp-container-core-columns-is-layout-9d6595d7 wp-block-columns-is-layout-flex\">\n<div class=\"wp-block-column is-layout-flow wp-block-column-is-layout-flow\">\n<p class=\"has-text-align-center has-vivid-red-color has-text-color\" style=\"font-size:25px\">A Arte da Editora\u00e7\u00e3o e Diagrama\u00e7\u00e3o<\/p>\n\n\n\n<p style=\"font-size:18px\">A escolha dos tipos bem como a configura\u00e7\u00e3o deles em palavras, frases e par\u00e1grafos, estabelecido em um <strong>Grid Gr\u00e1fico Editorial<\/strong> criado, s\u00e3o determinantes na composi\u00e7\u00e3o de p\u00e1ginas de um projeto gr\u00e1fico editorial. A jun\u00e7\u00f5es e combina\u00e7\u00f5es poss\u00edveis desses elementos em uma configura\u00e7\u00e3o, atribu\u00edmos a nomina\u00e7\u00e3o de <strong>Paleta Tipogr\u00e1fica<\/strong>.<\/p>\n<\/div>\n<\/div>\n<\/div><\/div>\n\n\n\n<div class=\"wp-block-columns is-layout-flex wp-container-core-columns-is-layout-9d6595d7 wp-block-columns-is-layout-flex\">\n<div class=\"wp-block-column is-layout-flow wp-block-column-is-layout-flow\" style=\"flex-basis:66.66%\">\n<p class=\"has-vivid-red-color has-text-color\" style=\"font-size:25px\">Servi\u00e7os de Editora\u00e7\u00e3o<\/p>\n\n\n\n<ul class=\"wp-block-list\">\n<li class=\"has-medium-font-size\">Jornais e Tabl\u00f3ides (Padr\u00f5es)<\/li>\n\n\n\n<li class=\"has-medium-font-size\">Revistas, Magazine, Encartes, Cadernos<\/li>\n\n\n\n<li class=\"has-medium-font-size\">Livros did\u00e1ticos e tem\u00e1ticos<\/li>\n\n\n\n<li class=\"has-medium-font-size\">Manuais T\u00e9cnicos<\/li>\n\n\n\n<li class=\"has-medium-font-size\">Tradu\u00e7\u00f5es Ingl\u00eas \/ Portugu\u00eas<\/li>\n\n\n\n<li class=\"has-medium-font-size\">Sinaliza\u00e7\u00f5es Corporativas<\/li>\n<\/ul>\n<\/div>\n\n\n\n<div class=\"wp-block-column is-layout-flow wp-block-column-is-layout-flow\" style=\"flex-basis:33.33%\"><div class=\"wp-block-image\">\n<figure class=\"aligncenter size-full is-resized\"><img decoding=\"async\" src=\"https:\/\/seivadartes.com.br\/wp-content\/uploads\/2023\/08\/VidaCaminho-03-G.jpg\" alt=\"\" class=\"wp-image-1433\" style=\"width:237px;height:319px\" width=\"237\" height=\"319\"\/><\/figure>\n<\/div><\/div>\n<\/div>\n<\/div><\/div>\n\n\n\n<div style=\"height:30px\" aria-hidden=\"true\" class=\"wp-block-spacer\"><\/div>\n\n\n\n<div class=\"wp-block-columns is-layout-flex wp-container-core-columns-is-layout-9d6595d7 wp-block-columns-is-layout-flex\">\n<div class=\"wp-block-column is-layout-flow wp-block-column-is-layout-flow\">\n<blockquote class=\"wp-block-quote has-black-color has-text-color is-layout-flow wp-block-quote-is-layout-flow\">\n<p class=\"has-vivid-red-color has-text-color has-medium-font-size\"><em>Descritivo do trabalho<\/em><\/p>\n\n\n\n<p><\/p>\n<cite>Verifique nosso trabalho, queremos atend\u00ea-lo com dedica\u00e7\u00e3o na elabora\u00e7\u00e3o de um projeto pensado pela equipe de profissionais que traga a melhor solu\u00e7\u00e3o a sua necessidade.<\/cite><\/blockquote>\n<\/div>\n\n\n\n<div class=\"wp-block-column is-layout-flow wp-block-column-is-layout-flow\">\n<blockquote class=\"wp-block-quote has-black-color has-text-color is-layout-flow wp-block-quote-is-layout-flow\">\n<p class=\"has-vivid-red-color has-text-color has-medium-font-size\"><em>Formas<\/em><\/p>\n\n\n\n<p><\/p>\n<cite>Crit\u00e9rios do or\u00e7amento<br>\u220e Quantidade de caracteres e p\u00e1ginas<br>\u220e Arte de capa, contracapa<br>\u220e Solicita\u00e7\u00e3o de ISBN para publica\u00e7\u00e3o<\/cite><\/blockquote>\n<\/div>\n<\/div>\n\n\n\n<div class=\"wp-block-cover\"><span aria-hidden=\"true\" class=\"wp-block-cover__background has-background-dim-0 has-background-dim\"><\/span><img decoding=\"async\" width=\"1422\" height=\"632\" class=\"wp-block-cover__image-background wp-image-1245\" alt=\"\" src=\"https:\/\/seivadartes.com.br\/wp-content\/uploads\/2023\/08\/Fundo_Tec-14-V.jpg\" data-object-fit=\"cover\"\/><div class=\"wp-block-cover__inner-container is-layout-flow wp-block-cover-is-layout-flow\">\n<div class=\"wp-block-columns is-layout-flex wp-container-core-columns-is-layout-9d6595d7 wp-block-columns-is-layout-flex\">\n<div class=\"wp-block-column is-layout-flow wp-block-column-is-layout-flow\" style=\"flex-basis:33.33%\"><div class=\"wp-block-image is-style-default\">\n<figure class=\"aligncenter size-full is-resized\"><img loading=\"lazy\" decoding=\"async\" src=\"https:\/\/seivadartes.com.br\/wp-content\/uploads\/2023\/08\/VidaCaminho-01-G3.jpg\" alt=\"\" class=\"wp-image-1430\" style=\"width:234px;height:308px\" width=\"234\" height=\"308\"\/><\/figure>\n<\/div><\/div>\n\n\n\n<div class=\"wp-block-column is-layout-flow wp-block-column-is-layout-flow\" style=\"flex-basis:66.66%\">\n<p class=\"has-vivid-red-color has-text-color\" style=\"font-size:25px\">Servi\u00e7os de Diagrama\u00e7\u00e3o<\/p>\n\n\n\n<ul class=\"wp-block-list\">\n<li class=\"has-medium-font-size\">Jornais e Tabl\u00f3ides (Padr\u00f5es)<\/li>\n\n\n\n<li class=\"has-medium-font-size\">Revistas, Magazine, Encartes, Cadernos<\/li>\n\n\n\n<li class=\"has-medium-font-size\">Livros did\u00e1ticos e tem\u00e1ticos<\/li>\n\n\n\n<li class=\"has-medium-font-size\">Manuais T\u00e9cnicos, Agendas<\/li>\n\n\n\n<li class=\"has-medium-font-size\">Tradu\u00e7\u00f5es Ingl\u00eas \/ Portugu\u00eas<\/li>\n\n\n\n<li class=\"has-medium-font-size\">Sinaliza\u00e7\u00f5es Corporativas<\/li>\n<\/ul>\n<\/div>\n<\/div>\n\n\n\n<div class=\"wp-block-columns is-layout-flex wp-container-core-columns-is-layout-9d6595d7 wp-block-columns-is-layout-flex\">\n<div class=\"wp-block-column is-layout-flow wp-block-column-is-layout-flow\"><\/div>\n<\/div>\n\n\n\n<div class=\"wp-block-columns is-layout-flex wp-container-core-columns-is-layout-9d6595d7 wp-block-columns-is-layout-flex\">\n<div class=\"wp-block-column is-layout-flow wp-block-column-is-layout-flow\" style=\"flex-basis:33.33%\"><\/div>\n\n\n\n<div class=\"wp-block-column is-layout-flow wp-block-column-is-layout-flow\" style=\"flex-basis:66.66%\"><\/div>\n<\/div>\n\n\n\n<div class=\"wp-block-columns is-layout-flex wp-container-core-columns-is-layout-9d6595d7 wp-block-columns-is-layout-flex\">\n<div class=\"wp-block-column is-layout-flow wp-block-column-is-layout-flow\"><\/div>\n<\/div>\n<\/div><\/div>\n","protected":false},"excerpt":{"rendered":"<p>Descritivo do trabalho Formas<\/p>\n","protected":false},"author":1,"featured_media":0,"parent":0,"menu_order":0,"comment_status":"closed","ping_status":"closed","template":"templates\/template-page-full-width.php","meta":{"footnotes":""},"class_list":["post-833","page","type-page","status-publish","hentry"],"_links":{"self":[{"href":"https:\/\/seivadartes.com.br\/index.php?rest_route=\/wp\/v2\/pages\/833","targetHints":{"allow":["GET"]}}],"collection":[{"href":"https:\/\/seivadartes.com.br\/index.php?rest_route=\/wp\/v2\/pages"}],"about":[{"href":"https:\/\/seivadartes.com.br\/index.php?rest_route=\/wp\/v2\/types\/page"}],"author":[{"embeddable":true,"href":"https:\/\/seivadartes.com.br\/index.php?rest_route=\/wp\/v2\/users\/1"}],"replies":[{"embeddable":true,"href":"https:\/\/seivadartes.com.br\/index.php?rest_route=%2Fwp%2Fv2%2Fcomments&post=833"}],"version-history":[{"count":71,"href":"https:\/\/seivadartes.com.br\/index.php?rest_route=\/wp\/v2\/pages\/833\/revisions"}],"predecessor-version":[{"id":1644,"href":"https:\/\/seivadartes.com.br\/index.php?rest_route=\/wp\/v2\/pages\/833\/revisions\/1644"}],"wp:attachment":[{"href":"https:\/\/seivadartes.com.br\/index.php?rest_route=%2Fwp%2Fv2%2Fmedia&parent=833"}],"curies":[{"name":"wp","href":"https:\/\/api.w.org\/{rel}","templated":true}]}}