{"id":800,"date":"2023-08-04T21:36:36","date_gmt":"2023-08-05T00:36:36","guid":{"rendered":"http:\/\/localhost\/seiva2026\/?page_id=800"},"modified":"2026-03-24T15:50:03","modified_gmt":"2026-03-24T18:50:03","slug":"sistemas-e-programas-aplicativos","status":"publish","type":"page","link":"https:\/\/seivadartes.com.br\/?page_id=800","title":{"rendered":"Sistemas e Programas Aplicativos"},"content":{"rendered":"\n<div style=\"height:100px\" aria-hidden=\"true\" class=\"wp-block-spacer\"><\/div>\n\n\n\n<div class=\"wp-block-columns is-layout-flex wp-container-core-columns-is-layout-9d6595d7 wp-block-columns-is-layout-flex\">\n<div class=\"wp-block-column is-layout-flow wp-block-column-is-layout-flow\" style=\"flex-basis:25%\"><\/div>\n\n\n\n<div class=\"wp-block-column is-layout-flow wp-block-column-is-layout-flow\" style=\"flex-basis:50%\"><\/div>\n\n\n\n<div class=\"wp-block-column is-layout-flow wp-block-column-is-layout-flow\" style=\"flex-basis:25%\"><\/div>\n<\/div>\n\n\n\n<div class=\"wp-block-cover\"><img fetchpriority=\"high\" decoding=\"async\" width=\"1422\" height=\"632\" class=\"wp-block-cover__image-background wp-image-1243\" alt=\"\" src=\"https:\/\/seivadartes.com.br\/wp-content\/uploads\/2023\/08\/Fundo_Tec-14.jpg\" data-object-fit=\"cover\"\/><span aria-hidden=\"true\" class=\"wp-block-cover__background has-background-dim-0 has-background-dim\"><\/span><div class=\"wp-block-cover__inner-container is-layout-flow wp-block-cover-is-layout-flow\">\n<div class=\"wp-block-group\"><div class=\"wp-block-group__inner-container is-layout-constrained wp-block-group-is-layout-constrained\">\n<div class=\"wp-block-columns is-layout-flex wp-container-core-columns-is-layout-9d6595d7 wp-block-columns-is-layout-flex\">\n<div class=\"wp-block-column is-layout-flow wp-block-column-is-layout-flow\"><\/div>\n<\/div>\n\n\n\n<div class=\"wp-block-columns is-layout-flex wp-container-core-columns-is-layout-9d6595d7 wp-block-columns-is-layout-flex\">\n<div class=\"wp-block-column is-layout-flow wp-block-column-is-layout-flow\" style=\"flex-basis:66.66%\">\n<p class=\"has-vivid-red-color has-text-color\" style=\"font-size:25px\">Sistemas Aplicatios Comerciais &#8211; \u00c1reas<\/p>\n\n\n\n<ul class=\"wp-block-list\">\n<li class=\"has-medium-font-size\">Administrativos (Cont\u00e1beis, Faturamentos, Produtividade, Folha Pagamentos, Vendas)<\/li>\n\n\n\n<li class=\"has-medium-font-size\">Controle de Autope\u00e7as<\/li>\n\n\n\n<li class=\"has-medium-font-size\">PDV &#8211; Supermercados<\/li>\n\n\n\n<li class=\"has-medium-font-size\">Controle de Hotelaria (Recep\u00e7\u00e3o, Controladoria, Adm)<\/li>\n\n\n\n<li class=\"has-medium-font-size\">Automa\u00e7\u00e3o de Processos<\/li>\n\n\n\n<li class=\"has-medium-font-size\">Controle de distribui\u00e7\u00e3o de produtos farmac\u00e9uticos<\/li>\n\n\n\n<li class=\"has-medium-font-size\">Recursos Humanos<\/li>\n\n\n\n<li class=\"has-medium-font-size\">Sistemas Hospitalares<\/li>\n<\/ul>\n<\/div>\n\n\n\n<div class=\"wp-block-column is-layout-flow wp-block-column-is-layout-flow\" style=\"flex-basis:33.33%\"><div class=\"wp-block-image is-style-default\">\n<figure class=\"alignright size-full is-resized\"><img decoding=\"async\" width=\"443\" height=\"673\" src=\"https:\/\/seivadartes.com.br\/wp-content\/uploads\/2023\/08\/Sistema-TI.jpg\" alt=\"\" class=\"wp-image-1388\" style=\"width:216px;height:324px\"\/><\/figure>\n<\/div><\/div>\n<\/div>\n<\/div><\/div>\n\n\n\n<div class=\"wp-block-columns is-layout-flex wp-container-core-columns-is-layout-9d6595d7 wp-block-columns-is-layout-flex\">\n<div class=\"wp-block-column is-layout-flow wp-block-column-is-layout-flow\"><\/div>\n<\/div>\n<\/div><\/div>\n\n\n\n<div style=\"height:20px\" aria-hidden=\"true\" class=\"wp-block-spacer\"><\/div>\n\n\n\n<div class=\"wp-block-columns is-layout-flex wp-container-core-columns-is-layout-9d6595d7 wp-block-columns-is-layout-flex\">\n<div class=\"wp-block-column is-layout-flow wp-block-column-is-layout-flow\"><\/div>\n\n\n\n<div class=\"wp-block-column is-layout-flow wp-block-column-is-layout-flow\"><\/div>\n<\/div>\n\n\n\n<div class=\"wp-block-columns is-layout-flex wp-container-core-columns-is-layout-9d6595d7 wp-block-columns-is-layout-flex\">\n<div class=\"wp-block-column is-layout-flow wp-block-column-is-layout-flow\">\n<blockquote class=\"wp-block-quote has-black-color has-text-color is-layout-flow wp-block-quote-is-layout-flow\" style=\"font-size:18px\">\n<p class=\"has-vivid-red-color has-text-color\" style=\"font-size:18px\"><em>Desenvolvimento de Aplicativos , Utilit\u00e1rios e Software de Base para Sistemas Operacionais (Linux, Windows, VMOS, IDOS, DOS )<\/em><\/p>\n<cite><strong>Utiliza\u00e7\u00e3o de linguagens de programa\u00e7\u00e3o<br>\u220e<\/strong> <strong>Tradicionais: Cobol, Basic, Mumps, PL1<\/strong><br> <strong>Fortan, <strong>Assembler<\/strong><\/strong>,<strong>C++<br>\u220e<\/strong> <strong>Atuais: PHP, Java, Html5, Python<\/strong><\/cite><\/blockquote>\n<\/div>\n\n\n\n<div class=\"wp-block-column is-layout-flow wp-block-column-is-layout-flow\">\n<blockquote class=\"wp-block-quote has-black-color has-text-color is-layout-flow wp-block-quote-is-layout-flow\" style=\"font-size:18px\">\n<p class=\"has-vivid-red-color has-text-color\" style=\"font-size:18px\"><em>Formas de Trabalho<\/em><\/p>\n<cite>\u220e Contrato de Presta\u00e7\u00e3o de Servi\u00e7os Corporativo<br>\u220e Contrata\u00e7\u00e3o de Profissionais Aut\u00f4nomos<br>\u220e Desenvolvimento execu\u00e7\u00e3o pr\u00f3pria<br>\u220e Subloca\u00e7\u00e3o de servi\u00e7os (m\u00e3o obra)<br>\u220e Trabalho terceirizado<\/cite><\/blockquote>\n<\/div>\n<\/div>\n\n\n\n<div style=\"height:10px\" aria-hidden=\"true\" class=\"wp-block-spacer\"><\/div>\n\n\n\n<div class=\"wp-block-columns is-layout-flex wp-container-core-columns-is-layout-9d6595d7 wp-block-columns-is-layout-flex\">\n<div class=\"wp-block-column is-layout-flow wp-block-column-is-layout-flow\" style=\"flex-basis:33.33%\"><\/div>\n\n\n\n<div class=\"wp-block-column is-layout-flow wp-block-column-is-layout-flow\" style=\"flex-basis:66.66%\"><\/div>\n<\/div>\n\n\n\n<div class=\"wp-block-cover\"><img decoding=\"async\" width=\"1422\" height=\"632\" class=\"wp-block-cover__image-background wp-image-1245\" alt=\"\" src=\"https:\/\/seivadartes.com.br\/wp-content\/uploads\/2023\/08\/Fundo_Tec-14-V.jpg\" data-object-fit=\"cover\"\/><span aria-hidden=\"true\" class=\"wp-block-cover__background has-background-dim-0 has-background-dim\"><\/span><div class=\"wp-block-cover__inner-container is-layout-flow wp-block-cover-is-layout-flow\">\n<div class=\"wp-block-group\"><div class=\"wp-block-group__inner-container is-layout-constrained wp-block-group-is-layout-constrained\">\n<div class=\"wp-block-columns is-layout-flex wp-container-core-columns-is-layout-9d6595d7 wp-block-columns-is-layout-flex\">\n<div class=\"wp-block-column is-layout-flow wp-block-column-is-layout-flow\"><\/div>\n<\/div>\n\n\n\n<div class=\"wp-block-columns is-layout-flex wp-container-core-columns-is-layout-9d6595d7 wp-block-columns-is-layout-flex\">\n<div class=\"wp-block-column is-layout-flow wp-block-column-is-layout-flow\" style=\"flex-basis:33.33%\">\n<figure class=\"wp-block-image size-full is-resized\"><img loading=\"lazy\" decoding=\"async\" width=\"527\" height=\"309\" src=\"https:\/\/seivadartes.com.br\/wp-content\/uploads\/2023\/08\/WebSiteDesign-02.jpg\" alt=\"\" class=\"wp-image-1217\" style=\"width:202px;height:344px\"\/><\/figure>\n<\/div>\n\n\n\n<div class=\"wp-block-column is-layout-flow wp-block-column-is-layout-flow\" style=\"flex-basis:66.66%\">\n<p class=\"has-vivid-red-color has-text-color\" style=\"font-size:25px\">Sistemas em Plataforma Web &#8211; Apps<\/p>\n\n\n\n<ul class=\"wp-block-list\">\n<li class=\"has-medium-font-size\">Aplicativos Mobile (Integra\u00e7\u00e3o e Supervis\u00e3o de Tarefas)<\/li>\n\n\n\n<li class=\"has-medium-font-size\">Transmiss\u00e3o de Arquivos<\/li>\n\n\n\n<li class=\"has-medium-font-size\">Manuten\u00e7\u00e3o OnLine<\/li>\n\n\n\n<li class=\"has-medium-font-size\">Reuni\u00f5es &#8211; EAD (aulas video confer\u00eanica) <\/li>\n\n\n\n<li class=\"has-medium-font-size\">Design e estruturas de WebSites (Html, Joomla, WordPress)<\/li>\n\n\n\n<li class=\"has-medium-font-size\">Pod Casting &#8211; Webnars<\/li>\n\n\n\n<li class=\"has-medium-font-size\">Integra\u00e7\u00e3o em M\u00eddias Sociais (Instagam, Facebook)<\/li>\n<\/ul>\n<\/div>\n<\/div>\n<\/div><\/div>\n\n\n\n<div class=\"wp-block-columns is-layout-flex wp-container-core-columns-is-layout-9d6595d7 wp-block-columns-is-layout-flex\">\n<div class=\"wp-block-column is-layout-flow wp-block-column-is-layout-flow\"><\/div>\n<\/div>\n<\/div><\/div>\n\n\n\n<div class=\"wp-block-columns is-layout-flex wp-container-core-columns-is-layout-9d6595d7 wp-block-columns-is-layout-flex\">\n<div class=\"wp-block-column is-layout-flow wp-block-column-is-layout-flow\"><\/div>\n\n\n\n<div class=\"wp-block-column is-layout-flow wp-block-column-is-layout-flow\"><\/div>\n\n\n\n<div class=\"wp-block-column is-layout-flow wp-block-column-is-layout-flow\"><\/div>\n<\/div>\n","protected":false},"excerpt":{"rendered":"<p>Desenvolvimento de Aplicativos , Utilit\u00e1rios e Software de Base para Sistemas Operacionais (Linux, Windows, VMOS, IDOS, DOS ) Formas de Trabalho<\/p>\n","protected":false},"author":1,"featured_media":0,"parent":0,"menu_order":0,"comment_status":"closed","ping_status":"closed","template":"templates\/template-page-full-width.php","meta":{"footnotes":""},"class_list":["post-800","page","type-page","status-publish","hentry"],"_links":{"self":[{"href":"https:\/\/seivadartes.com.br\/index.php?rest_route=\/wp\/v2\/pages\/800","targetHints":{"allow":["GET"]}}],"collection":[{"href":"https:\/\/seivadartes.com.br\/index.php?rest_route=\/wp\/v2\/pages"}],"about":[{"href":"https:\/\/seivadartes.com.br\/index.php?rest_route=\/wp\/v2\/types\/page"}],"author":[{"embeddable":true,"href":"https:\/\/seivadartes.com.br\/index.php?rest_route=\/wp\/v2\/users\/1"}],"replies":[{"embeddable":true,"href":"https:\/\/seivadartes.com.br\/index.php?rest_route=%2Fwp%2Fv2%2Fcomments&post=800"}],"version-history":[{"count":93,"href":"https:\/\/seivadartes.com.br\/index.php?rest_route=\/wp\/v2\/pages\/800\/revisions"}],"predecessor-version":[{"id":2281,"href":"https:\/\/seivadartes.com.br\/index.php?rest_route=\/wp\/v2\/pages\/800\/revisions\/2281"}],"wp:attachment":[{"href":"https:\/\/seivadartes.com.br\/index.php?rest_route=%2Fwp%2Fv2%2Fmedia&parent=800"}],"curies":[{"name":"wp","href":"https:\/\/api.w.org\/{rel}","templated":true}]}}