{"id":761,"date":"2023-08-03T23:32:30","date_gmt":"2023-08-04T02:32:30","guid":{"rendered":"http:\/\/localhost\/seiva2026\/?page_id=761"},"modified":"2023-08-26T16:46:59","modified_gmt":"2023-08-26T19:46:59","slug":"artes-e-design-grafico","status":"publish","type":"page","link":"https:\/\/seivadartes.com.br\/?page_id=761","title":{"rendered":"Artes e Design Gr\u00e1fico"},"content":{"rendered":"\n<div style=\"height:100px\" aria-hidden=\"true\" class=\"wp-block-spacer\"><\/div>\n\n\n\n<div class=\"wp-block-cover\" style=\"min-height:548px;aspect-ratio:unset;\"><span aria-hidden=\"true\" class=\"wp-block-cover__background has-background-dim-0 has-background-dim\"><\/span><img fetchpriority=\"high\" decoding=\"async\" width=\"1422\" height=\"632\" class=\"wp-block-cover__image-background wp-image-1243\" alt=\"\" src=\"https:\/\/seivadartes.com.br\/wp-content\/uploads\/2023\/08\/Fundo_Tec-14.jpg\" data-object-fit=\"cover\"\/><div class=\"wp-block-cover__inner-container is-layout-flow wp-block-cover-is-layout-flow\">\n<div class=\"wp-block-columns is-layout-flex wp-container-core-columns-is-layout-9d6595d7 wp-block-columns-is-layout-flex\">\n<div class=\"wp-block-column is-layout-flow wp-block-column-is-layout-flow\" style=\"flex-basis:66.66%\">\n<p class=\"has-vivid-red-color has-text-color\" style=\"font-size:25px\">Design Gr\u00e1fico &#8211; Cria\u00e7\u00e3o de Artes<\/p>\n\n\n\n<ul class=\"wp-block-list\">\n<li class=\"has-medium-font-size\">Projetos de Comunica\u00e7\u00e3o digital e impresso<\/li>\n\n\n\n<li class=\"has-medium-font-size\">Cria\u00e7\u00e3o de Identidade Visual Corporativa<\/li>\n\n\n\n<li class=\"has-medium-font-size\">Modelagem e Design de Web Sites<\/li>\n\n\n\n<li class=\"has-medium-font-size\">Recupera\u00e7\u00e3o digital e fisica de fotos e documentos<\/li>\n\n\n\n<li class=\"has-medium-font-size\">Tratamento de imagens e fotos<\/li>\n\n\n\n<li class=\"has-medium-font-size\">Marca d\u00b4\u00e1gua de documentos<\/li>\n<\/ul>\n<\/div>\n\n\n\n<div class=\"wp-block-column is-layout-flow wp-block-column-is-layout-flow\" style=\"flex-basis:33.33%\"><div class=\"wp-block-image\">\n<figure class=\"aligncenter size-full is-resized\"><img decoding=\"async\" src=\"https:\/\/seivadartes.com.br\/wp-content\/uploads\/2023\/08\/DesignGrafico-05.jpg\" alt=\"\" class=\"wp-image-1463\" style=\"width:219px;height:327px\" width=\"219\" height=\"327\"\/><\/figure>\n<\/div><\/div>\n<\/div>\n\n\n\n<div class=\"wp-block-columns is-layout-flex wp-container-core-columns-is-layout-9d6595d7 wp-block-columns-is-layout-flex\">\n<div class=\"wp-block-column is-layout-flow wp-block-column-is-layout-flow\" style=\"flex-basis:66.66%\"><\/div>\n\n\n\n<div class=\"wp-block-column is-layout-flow wp-block-column-is-layout-flow\" style=\"flex-basis:33.33%\"><\/div>\n<\/div>\n<\/div><\/div>\n\n\n\n<div style=\"height:80px\" aria-hidden=\"true\" class=\"wp-block-spacer\"><\/div>\n\n\n\n<div class=\"wp-block-cover\"><span aria-hidden=\"true\" class=\"wp-block-cover__background has-background-dim-0 has-background-dim\"><\/span><img decoding=\"async\" width=\"1422\" height=\"632\" class=\"wp-block-cover__image-background wp-image-1245\" alt=\"\" src=\"https:\/\/seivadartes.com.br\/wp-content\/uploads\/2023\/08\/Fundo_Tec-14-V.jpg\" data-object-fit=\"cover\"\/><div class=\"wp-block-cover__inner-container is-layout-flow wp-block-cover-is-layout-flow\">\n<div class=\"wp-block-group\"><div class=\"wp-block-group__inner-container is-layout-constrained wp-block-group-is-layout-constrained\">\n<div class=\"wp-block-columns is-layout-flex wp-container-core-columns-is-layout-9d6595d7 wp-block-columns-is-layout-flex\">\n<div class=\"wp-block-column is-layout-flow wp-block-column-is-layout-flow\"><\/div>\n<\/div>\n\n\n\n<div class=\"wp-block-columns is-layout-flex wp-container-core-columns-is-layout-9d6595d7 wp-block-columns-is-layout-flex\">\n<div class=\"wp-block-column is-layout-flow wp-block-column-is-layout-flow\" style=\"flex-basis:33.33%\"><div class=\"wp-block-image\">\n<figure class=\"aligncenter size-full is-resized\"><img loading=\"lazy\" decoding=\"async\" src=\"https:\/\/seivadartes.com.br\/wp-content\/uploads\/2023\/08\/Musica-01.jpg\" alt=\"\" class=\"wp-image-1456\" style=\"width:213px;height:269px\" width=\"213\" height=\"269\"\/><\/figure>\n<\/div><\/div>\n\n\n\n<div class=\"wp-block-column is-layout-flow wp-block-column-is-layout-flow\" style=\"flex-basis:66.66%\">\n<p class=\"has-vivid-red-color has-text-color\" style=\"font-size:25px\">Arte da M\u00fasica<\/p>\n\n\n\n<p style=\"font-size:20px\"> <br>\u2713 Composic\u00e3o e Arranjo musical para o texto<br>\u2713 Edi\u00e7\u00e3o de partituras completas (vozes, instrumentos, cifras)<br>\u2713 Digitaliza\u00e7\u00e3o de m\u00fasicas j\u00e1 editadas<br>\u2713 Instrumenta\u00e7\u00e3o e elabora\u00e7\u00e3o de playbacks<br>\u2713 Artes para capas e publica\u00e7\u00e3o com licen\u00e7as autorais<br>\u2713 Est\u00fadio de produ\u00e7\u00e3o de grava\u00e7\u00e3o de CDs, PostCasting<\/p>\n<\/div>\n<\/div>\n\n\n\n<div class=\"wp-block-columns is-layout-flex wp-container-core-columns-is-layout-9d6595d7 wp-block-columns-is-layout-flex\">\n<div class=\"wp-block-column is-layout-flow wp-block-column-is-layout-flow\" style=\"flex-basis:66.66%\"><\/div>\n\n\n\n<div class=\"wp-block-column is-layout-flow wp-block-column-is-layout-flow\" style=\"flex-basis:33.33%\"><\/div>\n<\/div>\n\n\n\n<div class=\"wp-block-columns is-layout-flex wp-container-core-columns-is-layout-9d6595d7 wp-block-columns-is-layout-flex\">\n<div class=\"wp-block-column is-layout-flow wp-block-column-is-layout-flow\"><\/div>\n<\/div>\n<\/div><\/div>\n<\/div><\/div>\n","protected":false},"excerpt":{"rendered":"","protected":false},"author":1,"featured_media":0,"parent":0,"menu_order":0,"comment_status":"closed","ping_status":"closed","template":"templates\/template-page-full-width.php","meta":{"footnotes":""},"class_list":["post-761","page","type-page","status-publish","hentry"],"_links":{"self":[{"href":"https:\/\/seivadartes.com.br\/index.php?rest_route=\/wp\/v2\/pages\/761","targetHints":{"allow":["GET"]}}],"collection":[{"href":"https:\/\/seivadartes.com.br\/index.php?rest_route=\/wp\/v2\/pages"}],"about":[{"href":"https:\/\/seivadartes.com.br\/index.php?rest_route=\/wp\/v2\/types\/page"}],"author":[{"embeddable":true,"href":"https:\/\/seivadartes.com.br\/index.php?rest_route=\/wp\/v2\/users\/1"}],"replies":[{"embeddable":true,"href":"https:\/\/seivadartes.com.br\/index.php?rest_route=%2Fwp%2Fv2%2Fcomments&post=761"}],"version-history":[{"count":68,"href":"https:\/\/seivadartes.com.br\/index.php?rest_route=\/wp\/v2\/pages\/761\/revisions"}],"predecessor-version":[{"id":1648,"href":"https:\/\/seivadartes.com.br\/index.php?rest_route=\/wp\/v2\/pages\/761\/revisions\/1648"}],"wp:attachment":[{"href":"https:\/\/seivadartes.com.br\/index.php?rest_route=%2Fwp%2Fv2%2Fmedia&parent=761"}],"curies":[{"name":"wp","href":"https:\/\/api.w.org\/{rel}","templated":true}]}}