{"id":2,"date":"2023-07-14T20:51:06","date_gmt":"2023-07-14T23:51:06","guid":{"rendered":"http:\/\/localhost\/seiva2026\/?page_id=2"},"modified":"2023-08-15T16:10:15","modified_gmt":"2023-08-15T19:10:15","slug":"pagina-exemplo","status":"publish","type":"page","link":"https:\/\/seivadartes.com.br\/?page_id=2","title":{"rendered":"Sistemas e Web Design"},"content":{"rendered":"\n<div style=\"height:100px\" aria-hidden=\"true\" class=\"wp-block-spacer\"><\/div>\n\n\n\n<hr class=\"wp-block-separator has-text-color has-cyan-bluish-gray-color has-alpha-channel-opacity has-cyan-bluish-gray-background-color has-background is-style-wide\"\/>\n\n\n\n<div class=\"wp-block-columns is-layout-flex wp-container-core-columns-is-layout-9d6595d7 wp-block-columns-is-layout-flex\">\n<div class=\"wp-block-column is-layout-flow wp-block-column-is-layout-flow\" style=\"flex-basis:33.33%\">\n<div class=\"wp-block-media-text alignwide is-stacked-on-mobile\"><figure class=\"wp-block-media-text__media\"><img fetchpriority=\"high\" decoding=\"async\" width=\"752\" height=\"375\" src=\"https:\/\/seivadartes.com.br\/wp-content\/uploads\/2023\/08\/PDV-03.jpg\" alt=\"\" class=\"wp-image-640 size-full\"\/><\/figure><div class=\"wp-block-media-text__content\">\n<p class=\"has-vivid-red-color has-text-color\" style=\"font-size:16px\"><strong>Comercial<\/strong><\/p>\n\n\n\n<p style=\"font-size:15px\">\u220e Aplicativos para esta \u00e1rea Intranets privadas (PDV), demais controles administrativos<\/p>\n<\/div><\/div>\n\n\n\n<hr class=\"wp-block-separator has-text-color has-cyan-bluish-gray-color has-alpha-channel-opacity has-cyan-bluish-gray-background-color has-background is-style-default\"\/>\n\n\n\n<div class=\"wp-block-media-text alignwide is-stacked-on-mobile\"><figure class=\"wp-block-media-text__media\"><img decoding=\"async\" width=\"669\" height=\"450\" src=\"https:\/\/seivadartes.com.br\/wp-content\/uploads\/2023\/08\/Prataforma-Web-01.jpg\" alt=\"\" class=\"wp-image-654 size-full\"\/><\/figure><div class=\"wp-block-media-text__content\">\n<p class=\"has-text-align-left has-vivid-red-color has-text-color\" style=\"font-size:16px;font-style:normal;font-weight:300\"><strong>Prataforma Web<\/strong><\/p>\n\n\n\n<p class=\"has-text-align-left has-black-color has-text-color\" style=\"font-size:15px\">\u220e Sistemas On Line  pela rede Internet, interativos e acesso p\u00fablico<\/p>\n<\/div><\/div>\n\n\n\n<hr class=\"wp-block-separator has-text-color has-cyan-bluish-gray-color has-alpha-channel-opacity has-cyan-bluish-gray-background-color has-background\"\/>\n\n\n\n<div class=\"wp-block-media-text alignwide is-stacked-on-mobile\" style=\"grid-template-columns:49% auto\"><figure class=\"wp-block-media-text__media\"><img decoding=\"async\" width=\"771\" height=\"449\" src=\"https:\/\/seivadartes.com.br\/wp-content\/uploads\/2023\/08\/Diagnostico-02.jpg\" alt=\"\" class=\"wp-image-655 size-full\"\/><\/figure><div class=\"wp-block-media-text__content\">\n<p class=\"has-vivid-red-color has-text-color\" style=\"font-size:17px\"><strong>Utiliit\u00e1rios<\/strong>  <\/p>\n\n\n\n<p style=\"font-size:15px\">\u220e Diagn\u00f3sticos de Hardware, suporte e manuten\u00e7\u00e3o, software de analises<\/p>\n<\/div><\/div>\n<\/div>\n\n\n\n<div class=\"wp-block-column is-layout-flow wp-block-column-is-layout-flow\" style=\"flex-basis:66.66%\">\n<div class=\"wp-block-cover aligncenter is-light\" style=\"min-height:459px;aspect-ratio:unset;\"><span aria-hidden=\"true\" class=\"wp-block-cover__background has-background-dim-0 has-background-dim\"><\/span><img loading=\"lazy\" decoding=\"async\" width=\"1273\" height=\"786\" class=\"wp-block-cover__image-background wp-image-661\" alt=\"\" src=\"https:\/\/seivadartes.com.br\/wp-content\/uploads\/2023\/08\/A_Sistema_BomFinal.jpg\" data-object-fit=\"cover\"\/><div class=\"wp-block-cover__inner-container is-layout-flow wp-block-cover-is-layout-flow\">\n<p class=\"has-vivid-red-color has-text-color\" style=\"font-size:30px\"><a href=\"https:\/\/seivadartes.com.br\/2023\/07\/24\/sistemas-aplicativos\/?preview=true&amp;_thumbnail_id=352\" target=\"_blank\" rel=\"noreferrer noopener\">Sistemas Aplicativos<\/a><\/p>\n\n\n\n<p class=\"has-text-align-left has-black-color has-text-color\" style=\"font-size:15px\"><strong>\u220e<\/strong> <strong>Solu\u00e7\u00f5es de sistema com otimiza\u00e7\u00e3o de processos e com documenta\u00e7\u00e3o precisa para opera\u00e7\u00e3o com interface amig\u00e1vel.<\/strong><\/p>\n<\/div><\/div>\n<\/div>\n<\/div>\n\n\n\n<hr class=\"wp-block-separator has-text-color has-cyan-bluish-gray-color has-alpha-channel-opacity has-cyan-bluish-gray-background-color has-background\"\/>\n\n\n\n<div class=\"wp-block-columns is-layout-flex wp-container-core-columns-is-layout-9d6595d7 wp-block-columns-is-layout-flex\">\n<div class=\"wp-block-column is-layout-flow wp-block-column-is-layout-flow\"><\/div>\n\n\n\n<div class=\"wp-block-column is-layout-flow wp-block-column-is-layout-flow\"><\/div>\n\n\n\n<div class=\"wp-block-column is-layout-flow wp-block-column-is-layout-flow\"><\/div>\n<\/div>\n\n\n\n<div class=\"wp-block-columns is-layout-flex wp-container-core-columns-is-layout-9d6595d7 wp-block-columns-is-layout-flex\">\n<div class=\"wp-block-column is-layout-flow wp-block-column-is-layout-flow\" style=\"flex-basis:33.33%\"><\/div>\n\n\n\n<div class=\"wp-block-column is-layout-flow wp-block-column-is-layout-flow\" style=\"flex-basis:66.66%\"><\/div>\n<\/div>\n\n\n\n<div class=\"wp-block-columns is-layout-flex wp-container-core-columns-is-layout-9d6595d7 wp-block-columns-is-layout-flex\">\n<div class=\"wp-block-column is-layout-flow wp-block-column-is-layout-flow\" style=\"flex-basis:66.66%\">\n<div class=\"wp-block-columns is-layout-flex wp-container-core-columns-is-layout-9d6595d7 wp-block-columns-is-layout-flex\">\n<div class=\"wp-block-column is-layout-flow wp-block-column-is-layout-flow\">\n<blockquote class=\"wp-block-quote is-layout-flow wp-block-quote-is-layout-flow\">\n<blockquote class=\"wp-block-quote has-text-align-left is-layout-flow wp-block-quote-is-layout-flow\">\n<p><\/p>\n<cite><strong><em>Ap\u00f3s an\u00e1lise detalhada das necessidades solicitadas, montagem do projeto, propomos a solu\u00e7\u00e3o para aprova\u00e7\u00e3o e execu\u00e7\u00e3o observando o cronograma.<\/em><\/strong><\/cite><\/blockquote>\n<\/blockquote>\n\n\n<style id=\"wp_carousel_dynamic_css179\">.sp-wp-carousel-free-id-179.wpcf-fancybox-wrapper .fancybox-bg{background: #0b0b0b;opacity: 0.8;}.sp-wp-carousel-free-id-179.wpcf-fancybox-wrapper .fancybox-navigation .fancybox-button .wpcp-fancybox-nav-arrow i {color: #ccc;}.sp-wp-carousel-free-id-179.wpcf-fancybox-wrapper .fancybox-navigation .fancybox-button .wpcp-fancybox-nav-arrow i:hover {color: #fff;}.sp-wp-carousel-free-id-179.wpcf-fancybox-wrapper .fancybox-navigation .fancybox-button {background: #1e1e1e;}.sp-wp-carousel-free-id-179.wpcf-fancybox-wrapper .fancybox-navigation .fancybox-button:hover {background: #1e1e1e;}#sp-wp-carousel-free-id-179 .wpcp-swiper-dots {margin: 40px 0px 0px 0px;}.wpcp-wrapper-179 .swiper-wrapper .swiper-slide-kenburn, .wpcp-wrapper-179 .swiper-wrapper, .wpcp-wrapper-179 .wpcpro-row{align-items: center;}#sp-wp-carousel-free-id-179 .wpcp-single-item {box-shadow: 0px 0px 0px 0px #dddddd;transition: all .3s;margin: 0px;}#sp-wp-carousel-free-id-179.swiper-flip .wpcp-single-item{margin: 0!important;}#sp-wp-carousel-free-id-179 .wpcp-single-item:hover {box-shadow: 0px 0px 0px 0px #dddddd;}#sp-wp-carousel-free-id-179.sp-wpcp-179 .wpcp-single-item {border: 1px solid #dddddd;}#sp-wp-carousel-free-id-179.sp-wpcp-179 .swiper-button-prev,#sp-wp-carousel-free-id-179.sp-wpcp-179 .swiper-button-next,#sp-wp-carousel-free-id-179.sp-wpcp-179 .swiper-button-prev:hover,#sp-wp-carousel-free-id-179.sp-wpcp-179 .swiper-button-next:hover {background: none;border: none;font-size: 30px;}#sp-wp-carousel-free-id-179.sp-wpcp-179 .swiper-button-prev i,#sp-wp-carousel-free-id-179.sp-wpcp-179 .swiper-button-next i {color: #aaa;}#sp-wp-carousel-free-id-179.sp-wpcp-179 .swiper-button-prev i:hover,#sp-wp-carousel-free-id-179.sp-wpcp-179 .swiper-button-next i:hover {color: #178087;}#sp-wp-carousel-free-id-179.sp-wpcp-179 .wpcp-swiper-dots .swiper-pagination-bullet {background-color: #cccccc;}#sp-wp-carousel-free-id-179.sp-wpcp-179 .wpcp-swiper-dots .swiper-pagination-bullet.swiper-pagination-bullet-active {background-color: #178087;} #sp-wp-carousel-free-id-179.sp-wpcp-179.wpcp-image-carousel .wpcp-single-item:hover img, #sp-wp-carousel-free-id-179.sp-wpcp-179.wpcp-post-carousel .wpcp-single-item:hover img, #sp-wp-carousel-free-id-179.sp-wpcp-179.wpcp-product-carousel .wpcp-single-item:hover img{-webkit-transform: scale(1.2);-moz-transform: scale(1.2);transform: scale(1.2);}@media screen and (max-width: 479px) {#sp-wp-carousel-free-id-179.nav-vertical-center {padding: 0;margin:0;}#sp-wp-carousel-free-id-179.nav-vertical-center .wpcp-next-button,#sp-wp-carousel-free-id-179.nav-vertical-center .wpcp-prev-button {display: none;}}#sp-wp-carousel-free-id-179 .wpcpro-row>[class*=\"wpcpro-col-\"] { padding: 0 10px; padding-bottom: 20px;} #sp-wp-carousel-free-id-179 .swiper-slide .single-item-fade:not(:last-child) { margin-right: 20px;}@media (min-width: 480px) { .wpcpro-row .wpcpro-col-sm-1 { flex: 0 0 100%; max-width: 100%; } .wpcpro-row .wpcpro-col-sm-2 { flex: 0 0 50%; max-width: 50%; } .wpcpro-row .wpcpro-col-sm-2-5 { flex: 0 0 75%; max-width: 75%; } .wpcpro-row .wpcpro-col-sm-3 { flex: 0 0 33.333%; max-width: 33.333%; } .wpcpro-row .wpcpro-col-sm-4 { flex: 0 0 25%; max-width: 25%; } .wpcpro-row .wpcpro-col-sm-5 { flex: 0 0 20%; max-width: 20%; } .wpcpro-row .wpcpro-col-sm-6 { flex: 0 0 16.66666666666667%; max-width: 16.66666666666667%; } .wpcpro-row .wpcpro-col-sm-7 { flex: 0 0 14.28571428%; max-width: 14.28571428%; } .wpcpro-row .wpcpro-col-sm-8 { flex: 0 0 12.5%; max-width: 12.5%; } } @media (max-width: 480px) { .wpcpro-row .wpcpro-col-xs-1 { flex: 0 0 100%; max-width: 100%; } .wpcpro-row .wpcpro-col-xs-2 { flex: 0 0 50%; max-width: 50%; } .wpcpro-row .wpcpro-col-xs-3 { flex: 0 0 33.222%; max-width: 33.222%; } .wpcpro-row .wpcpro-col-xs-4 { flex: 0 0 25%; max-width: 25%; } .wpcpro-row .wpcpro-col-xs-5 { flex: 0 0 20%; max-width: 20%; } .wpcpro-row .wpcpro-col-xs-6 { flex: 0 0 16.6667%; max-width: 16.6667%; } .wpcpro-row .wpcpro-col-xs-7 { flex: 0 0 14.28571428%; max-width: 14.28571428%; } .wpcpro-row .wpcpro-col-xs-8 { flex: 0 0 12.5%; max-width: 12.5%; } } @media (min-width: 736px) { .wpcpro-row .wpcpro-col-md-1 { flex: 0 0 100%; max-width: 100%; } .wpcpro-row .wpcpro-col-md-2 { flex: 0 0 50%; max-width: 50%; } .wpcpro-row .wpcpro-col-md-2-5 { flex: 0 0 75%; max-width: 75%; } .wpcpro-row .wpcpro-col-md-3 { flex: 0 0 33.333%; max-width: 33.333%; } .wpcpro-row .wpcpro-col-md-4 { flex: 0 0 25%; max-width: 25%; } .wpcpro-row .wpcpro-col-md-5 { flex: 0 0 20%; max-width: 20%; } .wpcpro-row .wpcpro-col-md-6 { flex: 0 0 16.66666666666667%; max-width: 16.66666666666667%; } .wpcpro-row .wpcpro-col-md-7 { flex: 0 0 14.28571428%; max-width: 14.28571428%; } .wpcpro-row .wpcpro-col-md-8 { flex: 0 0 12.5%; max-width: 12.5%; } } @media (min-width: 980px) { .wpcpro-row .wpcpro-col-lg-1 { flex: 0 0 100%; max-width: 100%; } .wpcpro-row .wpcpro-col-lg-2 { flex: 0 0 50%; max-width: 50%; } .wpcpro-row .wpcpro-col-lg-3 { flex: 0 0 33.222%; max-width: 33.222%; } .wpcpro-row .wpcpro-col-lg-4 { flex: 0 0 25%; max-width: 25%; } .wpcpro-row .wpcpro-col-lg-5 { flex: 0 0 20%; max-width: 20%; } .wpcpro-row .wpcpro-col-lg-6 { flex: 0 0 16.6667%; max-width: 16.6667%; } .wpcpro-row .wpcpro-col-lg-7 { flex: 0 0 14.28571428%; max-width: 14.28571428%; } .wpcpro-row .wpcpro-col-lg-8 { flex: 0 0 12.5%; max-width: 12.5%; } } @media (min-width: 1200px) { .wpcpro-row .wpcpro-col-xl-1 { flex: 0 0 100%; max-width: 100%; } .wpcpro-row .wpcpro-col-xl-2 { flex: 0 0 50%; max-width: 50%; } .wpcpro-row .wpcpro-col-xl-3 { flex: 0 0 33.22222222%; max-width: 33.22222222%; } .wpcpro-row .wpcpro-col-xl-4 { flex: 0 0 25%; max-width: 25%; } .wpcpro-row .wpcpro-col-xl-5 { flex: 0 0 20%; max-width: 20%; } .wpcpro-row .wpcpro-col-xl-6 { flex: 0 0 16.66667%; max-width: 16.66667%; } .wpcpro-row .wpcpro-col-xl-7 { flex: 0 0 14.28571428%; max-width: 14.28571428%; } .wpcpro-row .wpcpro-col-xl-8 { flex: 0 0 12.5%; max-width: 12.5%; } }<\/style><div class=\"wpcp-carousel-wrapper wpcp-wrapper-179\">\n\t<div id=\"wpcp-preloader-179\" class=\"wpcp-carousel-preloader\"><img decoding=\"async\" src=\"https:\/\/seivadartes.com.br\/wp-content\/plugins\/wp-carousel-free\/public\/css\/spinner.svg\" alt=\"Preloader Image\" \/><\/div>\t<div class=\"wpcp-carousel-content-wrapper\">\n\t<div id=\"sp-wp-carousel-free-id-179\" class=\"wpcp-carousel-section sp-wpcp-179  nav-vertical-center wpcp-image-carousel wpcp-preloader wpcp-standard\" data-swiper='{ &quot;pagination_type&quot;: &quot;dots&quot;,&quot;accessibility&quot;:true, &quot;spaceBetween&quot;:20, &quot;arrows&quot;:true, &quot;freeMode&quot;: false, &quot;autoplay&quot;:true, &quot;effect&quot;: &quot;&quot;, &quot;centerMode&quot;: false, &quot;autoplaySpeed&quot;:3000, &quot;dots&quot;:true, &quot;infinite&quot;:true, &quot;speed&quot;:600, &quot;pauseOnHover&quot;:true,\n\t\t\t&quot;slidesToShow&quot;:{&quot;lg_desktop&quot;:5, &quot;desktop&quot;: 4, &quot;laptop&quot;: 3, &quot;tablet&quot;: 2, &quot;mobile&quot;: 1}, &quot;responsive&quot;:{&quot;desktop&quot;:1200, &quot;laptop&quot;: 980, &quot;tablet&quot;: 736, &quot;mobile&quot;: 480}, &quot;rtl&quot;:false, &quot;lazyLoad&quot;: &quot;false&quot;, &quot;swipe&quot;: true, &quot;draggable&quot;: true, &quot;swipeToSlide&quot;:false }' dir=\"ltr\">\n\t\t<div class=\"swiper-wrapper\">\n\t\t<div class=\"swiper-slide\">\n\t<div class=\"wpcp-single-item\">\n\t\t\t<a class=\"wcp-light-box\" data-buttons='[\"close\"]' data-wpc_url='https:\/\/seivadartes.com.br\/wp-content\/uploads\/2023\/08\/CeccadSite-F.jpg' href=\"https:\/\/seivadartes.com.br\/wp-content\/uploads\/2023\/08\/CeccadSite-F.jpg\" data-fancybox=\"wpcp_view\">\n\t\t<figure>\n\t\t\t<img loading=\"lazy\" decoding=\"async\" class=\"skip-lazy\" src=\"https:\/\/seivadartes.com.br\/wp-content\/uploads\/2023\/08\/CeccadSite-F.jpg\" alt=\"CeccadSite-F\" width=\"640\" height=\"325\">\t\t<\/figure>\n\t<\/a>\n\t\t<\/div>\n<\/div>\n\t<div class=\"swiper-slide\">\n\t<div class=\"wpcp-single-item\">\n\t\t\t<a class=\"wcp-light-box\" data-buttons='[\"close\"]' data-wpc_url='https:\/\/seivadartes.com.br\/wp-content\/uploads\/2023\/08\/Fatip-TS.jpg' href=\"https:\/\/seivadartes.com.br\/wp-content\/uploads\/2023\/08\/Fatip-TS.jpg\" data-fancybox=\"wpcp_view\">\n\t\t<figure>\n\t\t\t<img loading=\"lazy\" decoding=\"async\" class=\"skip-lazy\" src=\"https:\/\/seivadartes.com.br\/wp-content\/uploads\/2023\/08\/Fatip-TS.jpg\" alt=\"Fatip-TS\" width=\"640\" height=\"439\">\t\t<\/figure>\n\t<\/a>\n\t\t<\/div>\n<\/div>\n\t<div class=\"swiper-slide\">\n\t<div class=\"wpcp-single-item\">\n\t\t\t<a class=\"wcp-light-box\" data-buttons='[\"close\"]' data-wpc_url='https:\/\/seivadartes.com.br\/wp-content\/uploads\/2023\/08\/Floema-03-F.jpg' href=\"https:\/\/seivadartes.com.br\/wp-content\/uploads\/2023\/08\/Floema-03-F.jpg\" data-fancybox=\"wpcp_view\">\n\t\t<figure>\n\t\t\t<img loading=\"lazy\" decoding=\"async\" class=\"skip-lazy\" src=\"https:\/\/seivadartes.com.br\/wp-content\/uploads\/2023\/08\/Floema-03-F.jpg\" alt=\"Floema-03-F\" width=\"640\" height=\"322\">\t\t<\/figure>\n\t<\/a>\n\t\t<\/div>\n<\/div>\n\t<div class=\"swiper-slide\">\n\t<div class=\"wpcp-single-item\">\n\t\t\t<a class=\"wcp-light-box\" data-buttons='[\"close\"]' data-wpc_url='https:\/\/seivadartes.com.br\/wp-content\/uploads\/2023\/08\/Floema-01-F.jpg' href=\"https:\/\/seivadartes.com.br\/wp-content\/uploads\/2023\/08\/Floema-01-F.jpg\" data-fancybox=\"wpcp_view\">\n\t\t<figure>\n\t\t\t<img loading=\"lazy\" decoding=\"async\" class=\"skip-lazy\" src=\"https:\/\/seivadartes.com.br\/wp-content\/uploads\/2023\/08\/Floema-01-F.jpg\" alt=\"Floema-01-F\" width=\"640\" height=\"328\">\t\t<\/figure>\n\t<\/a>\n\t\t<\/div>\n<\/div>\n\t<div class=\"swiper-slide\">\n\t<div class=\"wpcp-single-item\">\n\t\t\t<a class=\"wcp-light-box\" data-buttons='[\"close\"]' data-wpc_url='https:\/\/seivadartes.com.br\/wp-content\/uploads\/2023\/08\/NovolesteSite-H.jpg' href=\"https:\/\/seivadartes.com.br\/wp-content\/uploads\/2023\/08\/NovolesteSite-H.jpg\" data-fancybox=\"wpcp_view\">\n\t\t<figure>\n\t\t\t<img loading=\"lazy\" decoding=\"async\" class=\"skip-lazy\" src=\"https:\/\/seivadartes.com.br\/wp-content\/uploads\/2023\/08\/NovolesteSite-H.jpg\" alt=\"NovolesteSite-H\" width=\"640\" height=\"629\">\t\t<\/figure>\n\t<\/a>\n\t\t<\/div>\n<\/div>\n\t<div class=\"swiper-slide\">\n\t<div class=\"wpcp-single-item\">\n\t\t\t<a class=\"wcp-light-box\" data-buttons='[\"close\"]' data-wpc_url='https:\/\/seivadartes.com.br\/wp-content\/uploads\/2023\/08\/Agtmp-F.jpg' href=\"https:\/\/seivadartes.com.br\/wp-content\/uploads\/2023\/08\/Agtmp-F.jpg\" data-fancybox=\"wpcp_view\">\n\t\t<figure>\n\t\t\t<img loading=\"lazy\" decoding=\"async\" class=\"skip-lazy\" src=\"https:\/\/seivadartes.com.br\/wp-content\/uploads\/2023\/08\/Agtmp-F.jpg\" alt=\"Agtmp-F\" width=\"596\" height=\"300\">\t\t<\/figure>\n\t<\/a>\n\t\t<\/div>\n<\/div>\n\t\t\t<\/div>\n\t\t\t\t\t<div class=\"wpcp-swiper-dots swiper-pagination\"><\/div>\n\t\t\t\t<!-- If we need navigation buttons -->\n\t\t\t\t\t<div class=\"wpcp-prev-button swiper-button-prev\"><i class=\"fa fa-angle-left\"><\/i><\/div>\n\t\t\t<div class=\"wpcp-next-button swiper-button-next\"><i class=\"fa fa-angle-right\"><\/i><\/div>\n\t\t\t<\/div>\n\t<\/div>\n<\/div>\n\n<\/div>\n<\/div>\n<\/div>\n\n\n\n<div class=\"wp-block-column is-vertically-aligned-top has-black-color has-white-background-color has-text-color has-background is-layout-flow wp-block-column-is-layout-flow\" style=\"flex-basis:33.33%\">\n<div class=\"wp-block-cover\" style=\"min-height:281px;aspect-ratio:unset;\"><span aria-hidden=\"true\" class=\"wp-block-cover__background has-background-dim-10 has-background-dim\"><\/span><img loading=\"lazy\" decoding=\"async\" width=\"640\" height=\"494\" class=\"wp-block-cover__image-background wp-image-676\" alt=\"\" src=\"https:\/\/seivadartes.com.br\/wp-content\/uploads\/2023\/08\/A-WebDesign.jpg\" data-object-fit=\"cover\"\/><div class=\"wp-block-cover__inner-container is-layout-flow wp-block-cover-is-layout-flow\">\n<p class=\"has-text-align-center has-white-color has-text-color\" style=\"font-size:30px\">Web Site Design<\/p>\n<\/div><\/div>\n<\/div>\n<\/div>\n\n\n\n<div class=\"wp-block-columns is-layout-flex wp-container-core-columns-is-layout-9d6595d7 wp-block-columns-is-layout-flex\">\n<div class=\"wp-block-column is-layout-flow wp-block-column-is-layout-flow\" style=\"flex-basis:66.66%\">\n<figure class=\"wp-block-gallery has-nested-images columns-default is-cropped wp-block-gallery-1 is-layout-flex wp-block-gallery-is-layout-flex\">\n<figure class=\"wp-block-image size-large\"><img loading=\"lazy\" decoding=\"async\" width=\"896\" height=\"596\" data-id=\"680\" src=\"https:\/\/seivadartes.com.br\/wp-content\/uploads\/2023\/08\/MidiaSocial-01.jpg\" alt=\"\" class=\"wp-image-680\"\/><figcaption class=\"wp-element-caption\">facebook<\/figcaption><\/figure>\n\n\n\n<figure class=\"wp-block-image size-large is-style-rounded\"><img loading=\"lazy\" decoding=\"async\" width=\"367\" height=\"298\" data-id=\"681\" src=\"https:\/\/seivadartes.com.br\/wp-content\/uploads\/2023\/08\/MidiaSocial-02.jpg\" alt=\"\" class=\"wp-image-681\"\/><\/figure>\n\n\n\n<figure class=\"wp-block-image size-large is-style-default\"><img loading=\"lazy\" decoding=\"async\" width=\"796\" height=\"393\" data-id=\"684\" src=\"https:\/\/seivadartes.com.br\/wp-content\/uploads\/2023\/08\/MidiaSocial-03.jpg\" alt=\"\" class=\"wp-image-684\"\/><figcaption class=\"wp-element-caption\"><strong>Istagram<\/strong><\/figcaption><\/figure>\n<\/figure>\n<\/div>\n\n\n\n<div class=\"wp-block-column is-layout-flow wp-block-column-is-layout-flow\" style=\"flex-basis:33.33%\">\n<div class=\"wp-block-cover\" style=\"min-height:312px;aspect-ratio:unset;\"><span aria-hidden=\"true\" class=\"wp-block-cover__background has-pale-cyan-blue-background-color has-background-dim-10 has-background-dim\"><\/span><img loading=\"lazy\" decoding=\"async\" width=\"640\" height=\"455\" class=\"wp-block-cover__image-background wp-image-677\" alt=\"\" src=\"https:\/\/seivadartes.com.br\/wp-content\/uploads\/2023\/08\/A-MidiaSocial-Integracao.jpg\" data-object-fit=\"cover\"\/><div class=\"wp-block-cover__inner-container is-layout-flow wp-block-cover-is-layout-flow\">\n<p class=\"has-text-align-center has-white-color has-text-color\" style=\"font-size:30px\">M\u00eddias Sociais Integra\u00e7\u00e3o<\/p>\n<\/div><\/div>\n<\/div>\n<\/div>\n\n\n\n<hr class=\"wp-block-separator has-text-color has-cyan-bluish-gray-color has-alpha-channel-opacity has-cyan-bluish-gray-background-color has-background is-style-default\"\/>\n\n\n\n<div class=\"wp-block-columns is-layout-flex wp-container-core-columns-is-layout-9d6595d7 wp-block-columns-is-layout-flex\">\n<div class=\"wp-block-column is-layout-flow wp-block-column-is-layout-flow\">\t\t<div class=\"wpsm_service_b_row\" id=\"wpsm_service_b_row_721\">\r\n\t\t\t<div class=\"wpsm_row\"> \r\n<style>\r\n.wpsm_row{\r\n\toverflow:hidden;\r\n\tdisplay:block;\r\n\twidth:100%;\r\n}\r\n.wpsm_service_b_row{ \r\n\toverflow:hidden;\r\n\tdisplay:block;\r\n\twidth:100%;\r\n\tborder:0px solid #ddd;\r\n\tmargin-bottom:20px;\r\n}\r\n #wpsm_service_b_row_721 .wpsm_serviceBox{\r\n\tpadding:30px 0 ;\r\n\tmargin-bottom:20px;\r\n}\r\n#wpsm_service_b_row_721 .wpsm_serviceBox .wpsm_service-icon{\r\n\tbackground:#dd0404 !important;\r\n\theight: 70px;\r\n\twidth: 70px;\r\n\tborder-radius:50% !important;\r\n\ttext-align: center !important;\r\n\tfloat: left !important;\r\n}\r\n\r\n#wpsm_service_b_row_721 .wpsm_serviceBox .wpsm_service-icon i{\r\n\tfont-size:30px !important;\r\n\tcolor: #ffffff !important;\r\n\tline-height: 70px;\r\n}\r\n   \r\n#wpsm_service_b_row_721 .wpsm_serviceBox .wpsm_service-content {\r\n\tmargin-left: 95px;\r\n}\r\n#wpsm_service_b_row_721 .wpsm_serviceBox .wpsm_service-content h3{\r\n\tcolor: #000000 !important;\r\n\tfont-size: 22px !important;\r\n\tfont-weight: 600;\r\n\t\tmargin-top: 0;\r\n\tclear:inherit !important;\r\n\tline-height:1.4 !important;\r\n\tmargin-bottom:0px !important;\r\n\t\r\n}\r\n#wpsm_service_b_row_721 .wpsm_serviceBox .wpsm_service-content p{\r\n\tcolor:#545454 !important;\r\n\tfont-size: 18px !important;\r\n\tline-height:1.4 !important;\r\n\t\tmargin-top:10px;\r\n\tmargin-bottom:0px;\r\n\t\r\n}\r\n#wpsm_service_b_row_721 .wpsm_serviceBox .wpsm_read{\r\n\tcolor: #dd0606 !important;\r\n\tfont-size: 18px !important;\r\n\t\ttext-decoration: none;\r\n\tborder-bottom: 1px solid;\r\n\t margin-top:15px;\r\n\t display: inline-block;\r\n}\r\n<\/style>\r\n\r\n\t\t\t\r\n\t\t\t\t<div class=\"wpsm_col-md-6 wpsm_col-sm-6\">\r\n                    <div class=\"wpsm_serviceBox\">\r\n\t\t\t\t\t\t                       \r\n\t\t\t\t\t\t\t<div class=\"wpsm_service-icon\">\r\n\t\t\t\t\t\t\t\t<i class=\"fa fa-bar-chart\"><\/i>\r\n\t\t\t\t\t\t\t<\/div>\r\n\t\t\t\t\t\t                        <div class=\"wpsm_service-content\">\r\n                            <h3>TI Gest\u00e3o &amp; Consultoria<\/h3>\r\n                            <p> A boa orienta\u00e7\u00e3o no processo do fluxo de dados na empresa gera informa\u00e7\u00e3o precisa e comunica\u00e7\u00e3o transparente facilitando a decis\u00e3o de analistas e gestores na busca de solu\u00e7\u00f5es.<\/p>\r\n                            \t\t\t\t\t\t\t\t\r\n\t\t\t\t\t\t\t<a target=\"_blank\" href=\"https:\/\/seivadartes.com.br\/ti-gestao-e-consultoria\/\" class=\"wpsm_read\">Conhe\u00e7a nossa experi\u00eancia...                                \r\n                            <\/a>\r\n\t\t\t\t\t\t\t                        <\/div>\r\n                    <\/div>\r\n                <\/div>\r\n\r\n\t\t\t\t\r\n\t\t\t\t<div class=\"wpsm_col-md-6 wpsm_col-sm-6\">\r\n                    <div class=\"wpsm_serviceBox\">\r\n\t\t\t\t\t\t                       \r\n\t\t\t\t\t\t\t<div class=\"wpsm_service-icon\">\r\n\t\t\t\t\t\t\t\t<i class=\"fa fa-buysellads\"><\/i>\r\n\t\t\t\t\t\t\t<\/div>\r\n\t\t\t\t\t\t                        <div class=\"wpsm_service-content\">\r\n                            <h3>Sistemas Aplicativos<\/h3>\r\n                            <p> Provemos aplicativos para \u00e1reas administrativas, comerciais e industriais, desenvolvendo ou personalizando sistemas de forma integrada e interativa.<\/p>\r\n                            \t\t\t\t\t\t\t\t\r\n\t\t\t\t\t\t\t<a target=\"_blank\" href=\"https:\/\/seivadartes.com.br\/sistemas-e-programas-aplicativos\/\" class=\"wpsm_read\">Conhe\u00e7a nossa experi\u00eancia...                                \r\n                            <\/a>\r\n\t\t\t\t\t\t\t                        <\/div>\r\n                    <\/div>\r\n                <\/div>\r\n\r\n\t\t\t\t\t\t\t\t\t\t<\/div>\r\n\t\t\t\t\t\t<div class=\"wpsm_row\">\r\n\t\t\t\t\t\t    \r\n\r\n<\/div>\t   \t\t<\/div>\r\n\t\t\r\n\t\n<\/div>\n<\/div>\n\n\n\n<div class=\"wp-block-columns is-layout-flex wp-container-core-columns-is-layout-9d6595d7 wp-block-columns-is-layout-flex\">\n<div class=\"wp-block-column is-layout-flow wp-block-column-is-layout-flow\"><\/div>\n\n\n\n<div class=\"wp-block-column is-layout-flow wp-block-column-is-layout-flow\"><\/div>\n<\/div>\n\n\n\n<div class=\"wp-block-columns is-layout-flex wp-container-core-columns-is-layout-9d6595d7 wp-block-columns-is-layout-flex\">\n<div class=\"wp-block-column is-layout-flow wp-block-column-is-layout-flow\" style=\"flex-basis:25%\"><\/div>\n\n\n\n<div class=\"wp-block-column is-layout-flow wp-block-column-is-layout-flow\" style=\"flex-basis:50%\"><\/div>\n\n\n\n<div class=\"wp-block-column is-layout-flow wp-block-column-is-layout-flow\" style=\"flex-basis:25%\"><\/div>\n<\/div>\n","protected":false},"excerpt":{"rendered":"<p>Comercial \u220e Aplicativos para esta \u00e1rea Intranets privadas (PDV), demais controles administrativos Prataforma Web \u220e Sistemas On Line pela rede Internet, interativos e acesso p\u00fablico Utiliit\u00e1rios \u220e Diagn\u00f3sticos de Hardware, suporte e manuten\u00e7\u00e3o, software de analises<\/p>\n","protected":false},"author":1,"featured_media":0,"parent":0,"menu_order":0,"comment_status":"closed","ping_status":"open","template":"templates\/template-page-full-width.php","meta":{"footnotes":""},"class_list":["post-2","page","type-page","status-publish","hentry"],"_links":{"self":[{"href":"https:\/\/seivadartes.com.br\/index.php?rest_route=\/wp\/v2\/pages\/2","targetHints":{"allow":["GET"]}}],"collection":[{"href":"https:\/\/seivadartes.com.br\/index.php?rest_route=\/wp\/v2\/pages"}],"about":[{"href":"https:\/\/seivadartes.com.br\/index.php?rest_route=\/wp\/v2\/types\/page"}],"author":[{"embeddable":true,"href":"https:\/\/seivadartes.com.br\/index.php?rest_route=\/wp\/v2\/users\/1"}],"replies":[{"embeddable":true,"href":"https:\/\/seivadartes.com.br\/index.php?rest_route=%2Fwp%2Fv2%2Fcomments&post=2"}],"version-history":[{"count":155,"href":"https:\/\/seivadartes.com.br\/index.php?rest_route=\/wp\/v2\/pages\/2\/revisions"}],"predecessor-version":[{"id":1672,"href":"https:\/\/seivadartes.com.br\/index.php?rest_route=\/wp\/v2\/pages\/2\/revisions\/1672"}],"wp:attachment":[{"href":"https:\/\/seivadartes.com.br\/index.php?rest_route=%2Fwp%2Fv2%2Fmedia&parent=2"}],"curies":[{"name":"wp","href":"https:\/\/api.w.org\/{rel}","templated":true}]}}