{"id":159,"date":"2023-07-20T20:29:04","date_gmt":"2023-07-20T23:29:04","guid":{"rendered":"http:\/\/localhost\/seiva2026\/?page_id=159"},"modified":"2026-02-02T15:57:31","modified_gmt":"2026-02-02T18:57:31","slug":"web-produtos","status":"publish","type":"page","link":"https:\/\/seivadartes.com.br\/?page_id=159","title":{"rendered":"Web Produtos"},"content":{"rendered":"\t\t<div data-elementor-type=\"wp-page\" data-elementor-id=\"159\" class=\"elementor elementor-159\">\n\t\t\t\t<div class=\"elementor-element elementor-element-4658544d e-flex e-con-boxed e-con e-parent\" data-id=\"4658544d\" data-element_type=\"container\" data-e-type=\"container\">\n\t\t\t\t\t<div class=\"e-con-inner\">\n\t\t\t\t\t<\/div>\n\t\t\t\t<\/div>\n\t\t<div class=\"elementor-element elementor-element-5acfd77 e-flex e-con-boxed e-con e-parent\" data-id=\"5acfd77\" data-element_type=\"container\" data-e-type=\"container\">\n\t\t\t\t\t<div class=\"e-con-inner\">\n\t\t\t\t<div class=\"elementor-element elementor-element-e608064 elementor-widget elementor-widget-spacer\" data-id=\"e608064\" data-element_type=\"widget\" data-e-type=\"widget\" data-widget_type=\"spacer.default\">\n\t\t\t\t\t\t\t<div class=\"elementor-spacer\">\n\t\t\t<div class=\"elementor-spacer-inner\"><\/div>\n\t\t<\/div>\n\t\t\t\t\t\t<\/div>\n\t\t\t\t\t<\/div>\n\t\t\t\t<\/div>\n\t\t<div class=\"elementor-element elementor-element-c3491f7 e-flex e-con-boxed e-con e-parent\" data-id=\"c3491f7\" data-element_type=\"container\" data-e-type=\"container\">\n\t\t\t\t\t<div class=\"e-con-inner\">\n\t\t<div class=\"elementor-element elementor-element-4c237c9 e-grid e-con-full e-con e-child\" data-id=\"4c237c9\" data-element_type=\"container\" data-e-type=\"container\">\n\t\t<div class=\"elementor-element elementor-element-42ecafe e-con-full e-flex e-con e-child\" data-id=\"42ecafe\" data-element_type=\"container\" data-e-type=\"container\">\n\t\t\t\t<div class=\"elementor-element elementor-element-5858121 elementor-position-top elementor-widget elementor-widget-image-box\" data-id=\"5858121\" data-element_type=\"widget\" data-e-type=\"widget\" data-widget_type=\"image-box.default\">\n\t\t\t\t\t<div class=\"elementor-image-box-wrapper\"><figure class=\"elementor-image-box-img\"><img fetchpriority=\"high\" decoding=\"async\" width=\"743\" height=\"479\" src=\"https:\/\/seivadartes.com.br\/wp-content\/uploads\/2026\/01\/Shopee-Cel.jpg\" class=\"attachment-full size-full wp-image-2007\" alt=\"\" \/><\/figure><div class=\"elementor-image-box-content\"><h3 class=\"elementor-image-box-title\"><br>Seivadartes<\/h3><p class=\"elementor-image-box-description\"><b>AFILIADO CRIADOR - Divulga\u00e7\u00e3o de produtos da plataforma.<\/b><\/p><\/div><\/div>\t\t\t\t<\/div>\n\t\t\t\t<\/div>\n\t\t<div class=\"elementor-element elementor-element-693e80b e-con-full e-flex e-con e-child\" data-id=\"693e80b\" data-element_type=\"container\" data-e-type=\"container\">\n\t\t\t\t<div class=\"elementor-element elementor-element-35cc783 elementor-position-top elementor-widget elementor-widget-image-box\" data-id=\"35cc783\" data-element_type=\"widget\" data-e-type=\"widget\" data-widget_type=\"image-box.default\">\n\t\t\t\t\t<div class=\"elementor-image-box-wrapper\"><figure class=\"elementor-image-box-img\"><a href=\"http:\/\/instagram.com\/ceccad.produtos\" tabindex=\"-1\"><img decoding=\"async\" width=\"304\" height=\"293\" src=\"https:\/\/seivadartes.com.br\/wp-content\/uploads\/2026\/01\/Logo-Instagram.png\" class=\"elementor-animation-grow attachment-full size-full wp-image-1947\" alt=\"\" \/><\/a><\/figure><div class=\"elementor-image-box-content\"><h3 class=\"elementor-image-box-title\"><a href=\"http:\/\/instagram.com\/ceccad.produtos\">Compartilhe - Utilidades<\/a><\/h3><p class=\"elementor-image-box-description\">Veja produtos facilitadores de tarefas do seu dia a dia..<\/p><\/div><\/div>\t\t\t\t<\/div>\n\t\t\t\t<\/div>\n\t\t<div class=\"elementor-element elementor-element-0ef1a74 e-con-full e-flex e-con e-child\" data-id=\"0ef1a74\" data-element_type=\"container\" data-e-type=\"container\">\n\t\t\t\t<div class=\"elementor-element elementor-element-eb4d02f elementor-position-top elementor-widget elementor-widget-image-box\" data-id=\"eb4d02f\" data-element_type=\"widget\" data-e-type=\"widget\" data-widget_type=\"image-box.default\">\n\t\t\t\t\t<div class=\"elementor-image-box-wrapper\"><figure class=\"elementor-image-box-img\"><a href=\"https:\/\/facebook.com\/ceccadcursos\" tabindex=\"-1\"><img decoding=\"async\" width=\"305\" height=\"302\" src=\"https:\/\/seivadartes.com.br\/wp-content\/uploads\/2026\/01\/Logo-Facebook.png\" class=\"elementor-animation-grow attachment-full size-full wp-image-1948\" alt=\"\" \/><\/a><\/figure><div class=\"elementor-image-box-content\"><h3 class=\"elementor-image-box-title\"><a href=\"https:\/\/facebook.com\/ceccadcursos\">Conhe\u00e7a-nos!<\/a><\/h3><p class=\"elementor-image-box-description\">Siga-nos para ver as op\u00e7\u00f5es e utilidades dos produtos.<\/p><\/div><\/div>\t\t\t\t<\/div>\n\t\t\t\t<\/div>\n\t\t\t\t<\/div>\n\t\t\t\t\t<\/div>\n\t\t\t\t<\/div>\n\t\t<div class=\"elementor-element elementor-element-5258bcb e-flex e-con-boxed e-con e-parent\" data-id=\"5258bcb\" data-element_type=\"container\" data-e-type=\"container\">\n\t\t\t\t\t<div class=\"e-con-inner\">\n\t\t<div class=\"elementor-element elementor-element-dfb9217 e-con-full e-flex e-con e-child\" data-id=\"dfb9217\" data-element_type=\"container\" data-e-type=\"container\">\n\t\t<div class=\"elementor-element elementor-element-fb82dfd e-con-full e-flex e-con e-child\" data-id=\"fb82dfd\" data-element_type=\"container\" data-e-type=\"container\">\n\t\t\t\t<div class=\"elementor-element elementor-element-77b76bd elementor-position-top elementor-widget elementor-widget-image-box\" data-id=\"77b76bd\" data-element_type=\"widget\" data-e-type=\"widget\" data-widget_type=\"image-box.default\">\n\t\t\t\t\t<div class=\"elementor-image-box-wrapper\"><figure class=\"elementor-image-box-img\"><img loading=\"lazy\" decoding=\"async\" width=\"428\" height=\"445\" src=\"https:\/\/seivadartes.com.br\/wp-content\/uploads\/2026\/01\/TomadUSB.png\" class=\"elementor-animation-float attachment-full size-full wp-image-1836\" alt=\"\" \/><\/figure><div class=\"elementor-image-box-content\"><h3 class=\"elementor-image-box-title\">R$ 28,96    -59%<\/h3><p class=\"elementor-image-box-description\">Extens\u00e3o 5 Tomadas 4 USB 2 TypeC Universal Bivolt 110v\/220v 2500W Power 2m Filtro de Linha Seguran\u00e7a<\/p><\/div><\/div>\t\t\t\t<\/div>\n\t\t\t\t<\/div>\n\t\t\t\t<div class=\"elementor-element elementor-element-55e0854 elementor-align-center elementor-widget elementor-widget-button\" data-id=\"55e0854\" data-element_type=\"widget\" data-e-type=\"widget\" data-widget_type=\"button.default\">\n\t\t\t\t\t\t\t\t\t\t<a class=\"elementor-button elementor-button-link elementor-size-sm\" href=\"https:\/\/s.shopee.com.br\/5L5ztPh4xY\">\n\t\t\t\t\t\t<span class=\"elementor-button-content-wrapper\">\n\t\t\t\t\t\t\t\t\t<span class=\"elementor-button-text\">Comprar<\/span>\n\t\t\t\t\t<\/span>\n\t\t\t\t\t<\/a>\n\t\t\t\t\t\t\t\t<\/div>\n\t\t\t\t<\/div>\n\t\t<div class=\"elementor-element elementor-element-72511ed e-con-full e-flex e-con e-child\" data-id=\"72511ed\" data-element_type=\"container\" data-e-type=\"container\">\n\t\t<div class=\"elementor-element elementor-element-aacb317 e-con-full e-flex e-con e-child\" data-id=\"aacb317\" data-element_type=\"container\" data-e-type=\"container\">\n\t\t\t\t<div class=\"elementor-element elementor-element-fb6fd0b elementor-position-top elementor-widget elementor-widget-image-box\" data-id=\"fb6fd0b\" data-element_type=\"widget\" data-e-type=\"widget\" data-widget_type=\"image-box.default\">\n\t\t\t\t\t<div class=\"elementor-image-box-wrapper\"><figure class=\"elementor-image-box-img\"><img loading=\"lazy\" decoding=\"async\" width=\"445\" height=\"447\" src=\"https:\/\/seivadartes.com.br\/wp-content\/uploads\/2026\/01\/FoneOuvido-Kit2.jpg\" class=\"elementor-animation-float attachment-full size-full wp-image-2066\" alt=\"\" \/><\/figure><div class=\"elementor-image-box-content\"><h3 class=\"elementor-image-box-title\">R$ 17,88    <\/h3><p class=\"elementor-image-box-description\">Kit M10 Bluetooth 5.3 Fones de ouvido sem fio TWS est\u00e9reo com carregador Power Bank<\/p><\/div><\/div>\t\t\t\t<\/div>\n\t\t\t\t<\/div>\n\t\t\t\t<div class=\"elementor-element elementor-element-9f26bdc elementor-align-center elementor-widget elementor-widget-button\" data-id=\"9f26bdc\" data-element_type=\"widget\" data-e-type=\"widget\" data-widget_type=\"button.default\">\n\t\t\t\t\t\t\t\t\t\t<a class=\"elementor-button elementor-button-link elementor-size-sm\" href=\"https:\/\/s.shopee.com.br\/W0msSxwkc\">\n\t\t\t\t\t\t<span class=\"elementor-button-content-wrapper\">\n\t\t\t\t\t\t\t\t\t<span class=\"elementor-button-text\">Comprar<\/span>\n\t\t\t\t\t<\/span>\n\t\t\t\t\t<\/a>\n\t\t\t\t\t\t\t\t<\/div>\n\t\t\t\t<\/div>\n\t\t<div class=\"elementor-element elementor-element-80d6adf e-con-full e-flex e-con e-child\" data-id=\"80d6adf\" data-element_type=\"container\" data-e-type=\"container\">\n\t\t<div class=\"elementor-element elementor-element-7e92ee1 e-con-full e-flex e-con e-child\" data-id=\"7e92ee1\" data-element_type=\"container\" data-e-type=\"container\">\n\t\t\t\t<div class=\"elementor-element elementor-element-b24242d elementor-position-top elementor-widget elementor-widget-image-box\" data-id=\"b24242d\" data-element_type=\"widget\" data-e-type=\"widget\" data-widget_type=\"image-box.default\">\n\t\t\t\t\t<div class=\"elementor-image-box-wrapper\"><figure class=\"elementor-image-box-img\"><img loading=\"lazy\" decoding=\"async\" width=\"449\" height=\"449\" src=\"https:\/\/seivadartes.com.br\/wp-content\/uploads\/2026\/01\/Drone-8k.jpg\" class=\"elementor-animation-float attachment-full size-full wp-image-1989\" alt=\"\" \/><\/figure><div class=\"elementor-image-box-content\"><h3 class=\"elementor-image-box-title\">R$ 219,99    -56%<\/h3><p class=\"elementor-image-box-description\"><span style=\", Helvetica, Arial, sans-serif;font-size: 14px;text-align: start\">S6 8K drone Drone de c\u00e2mara de controlo remoto De C\u00e2mera De Controle Remoto Novo 5G GPS Profissional HD Fotografia A\u00e9rea<\/span><\/p><\/div><\/div>\t\t\t\t<\/div>\n\t\t\t\t<\/div>\n\t\t\t\t<div class=\"elementor-element elementor-element-9c15892 elementor-align-center elementor-widget elementor-widget-button\" data-id=\"9c15892\" data-element_type=\"widget\" data-e-type=\"widget\" data-widget_type=\"button.default\">\n\t\t\t\t\t\t\t\t\t\t<a class=\"elementor-button elementor-button-link elementor-size-sm\" href=\"https:\/\/s.shopee.com.br\/6puoxFaTrB\">\n\t\t\t\t\t\t<span class=\"elementor-button-content-wrapper\">\n\t\t\t\t\t\t\t\t\t<span class=\"elementor-button-text\">Comprar<\/span>\n\t\t\t\t\t<\/span>\n\t\t\t\t\t<\/a>\n\t\t\t\t\t\t\t\t<\/div>\n\t\t\t\t<\/div>\n\t\t<div class=\"elementor-element elementor-element-d67bfa2 e-con-full e-flex e-con e-child\" data-id=\"d67bfa2\" data-element_type=\"container\" data-e-type=\"container\">\n\t\t<div class=\"elementor-element elementor-element-6590055 e-con-full e-flex e-con e-child\" data-id=\"6590055\" data-element_type=\"container\" data-e-type=\"container\">\n\t\t\t\t<div class=\"elementor-element elementor-element-07e19c8 elementor-position-top elementor-widget elementor-widget-image-box\" data-id=\"07e19c8\" data-element_type=\"widget\" data-e-type=\"widget\" data-widget_type=\"image-box.default\">\n\t\t\t\t\t<div class=\"elementor-image-box-wrapper\"><figure class=\"elementor-image-box-img\"><img loading=\"lazy\" decoding=\"async\" width=\"443\" height=\"446\" src=\"https:\/\/seivadartes.com.br\/wp-content\/uploads\/2026\/01\/FoneOuvido-Headset.jpg\" class=\"elementor-animation-float attachment-full size-full wp-image-1999\" alt=\"\" \/><\/figure><div class=\"elementor-image-box-content\"><h3 class=\"elementor-image-box-title\">R$ 59,90    -10%<\/h3><p class=\"elementor-image-box-description\"><span style=\", Helvetica, Arial, sans-serif;font-size: 14px;text-align: start\">Fone De Ouvido Headset Gamer com Fio Profissional Preto Led Rgb PC USB P2\/P3 XBOX PS4<\/span><\/p><\/div><\/div>\t\t\t\t<\/div>\n\t\t\t\t<\/div>\n\t\t\t\t<div class=\"elementor-element elementor-element-74c8e68 elementor-align-center elementor-widget elementor-widget-button\" data-id=\"74c8e68\" data-element_type=\"widget\" data-e-type=\"widget\" data-widget_type=\"button.default\">\n\t\t\t\t\t\t\t\t\t\t<a class=\"elementor-button elementor-button-link elementor-size-sm\" href=\"https:\/\/s.shopee.com.br\/2g5G2tDWxi\">\n\t\t\t\t\t\t<span class=\"elementor-button-content-wrapper\">\n\t\t\t\t\t\t\t\t\t<span class=\"elementor-button-text\">Comprar<\/span>\n\t\t\t\t\t<\/span>\n\t\t\t\t\t<\/a>\n\t\t\t\t\t\t\t\t<\/div>\n\t\t\t\t<\/div>\n\t\t<div class=\"elementor-element elementor-element-da99e52 e-con-full e-flex e-con e-child\" data-id=\"da99e52\" data-element_type=\"container\" data-e-type=\"container\">\n\t\t<div class=\"elementor-element elementor-element-26bf078 e-con-full e-flex e-con e-child\" data-id=\"26bf078\" data-element_type=\"container\" data-e-type=\"container\">\n\t\t\t\t<div class=\"elementor-element elementor-element-67c45c6 elementor-position-top elementor-widget elementor-widget-image-box\" data-id=\"67c45c6\" data-element_type=\"widget\" data-e-type=\"widget\" data-widget_type=\"image-box.default\">\n\t\t\t\t\t<div class=\"elementor-image-box-wrapper\"><figure class=\"elementor-image-box-img\"><img loading=\"lazy\" decoding=\"async\" width=\"428\" height=\"480\" src=\"https:\/\/seivadartes.com.br\/wp-content\/uploads\/2026\/01\/AirFlyer.png\" class=\"elementor-animation-float attachment-full size-full wp-image-1866\" alt=\"\" \/><\/figure><div class=\"elementor-image-box-content\"><h3 class=\"elementor-image-box-title\">R$ 259,99    -47%<\/h3><p class=\"elementor-image-box-description\">EAir Fryer Fritadeira El\u00e9trica Digital Extream 4,3L<\/p><\/div><\/div>\t\t\t\t<\/div>\n\t\t\t\t<\/div>\n\t\t\t\t<div class=\"elementor-element elementor-element-424a5c5 elementor-align-center elementor-widget elementor-widget-button\" data-id=\"424a5c5\" data-element_type=\"widget\" data-e-type=\"widget\" data-widget_type=\"button.default\">\n\t\t\t\t\t\t\t\t\t\t<a class=\"elementor-button elementor-button-link elementor-size-sm\" href=\"https:\/\/s.shopee.com.br\/9pYQDHKKQj\">\n\t\t\t\t\t\t<span class=\"elementor-button-content-wrapper\">\n\t\t\t\t\t\t\t\t\t<span class=\"elementor-button-text\">Comprar<\/span>\n\t\t\t\t\t<\/span>\n\t\t\t\t\t<\/a>\n\t\t\t\t\t\t\t\t<\/div>\n\t\t\t\t<\/div>\n\t\t\t\t\t<\/div>\n\t\t\t\t<\/div>\n\t\t<div class=\"elementor-element elementor-element-f942c0f e-flex e-con-boxed e-con e-parent\" data-id=\"f942c0f\" data-element_type=\"container\" data-e-type=\"container\">\n\t\t\t\t\t<div class=\"e-con-inner\">\n\t\t<div class=\"elementor-element elementor-element-79b26ce e-con-full e-flex e-con e-child\" data-id=\"79b26ce\" data-element_type=\"container\" data-e-type=\"container\">\n\t\t<div class=\"elementor-element elementor-element-234389a e-con-full e-flex e-con e-child\" data-id=\"234389a\" data-element_type=\"container\" data-e-type=\"container\">\n\t\t\t\t<div class=\"elementor-element elementor-element-f3e5ecc elementor-position-top elementor-widget elementor-widget-image-box\" data-id=\"f3e5ecc\" data-element_type=\"widget\" data-e-type=\"widget\" data-widget_type=\"image-box.default\">\n\t\t\t\t\t<div class=\"elementor-image-box-wrapper\"><figure class=\"elementor-image-box-img\"><img loading=\"lazy\" decoding=\"async\" width=\"447\" height=\"451\" src=\"https:\/\/seivadartes.com.br\/wp-content\/uploads\/2026\/01\/Conj-Feminino.jpg\" class=\"elementor-animation-float attachment-full size-full wp-image-2053\" alt=\"\" \/><\/figure><div class=\"elementor-image-box-content\"><h3 class=\"elementor-image-box-title\">R$ 39,90<\/h3><p class=\"elementor-image-box-description\">Conjuntos Feminino Short Meia Coxa Cintura Alta + Top Alcinha Zero Transpar\u00eancia Academia<\/p><\/div><\/div>\t\t\t\t<\/div>\n\t\t\t\t<\/div>\n\t\t\t\t<div class=\"elementor-element elementor-element-40a5d2f elementor-align-center elementor-widget elementor-widget-button\" data-id=\"40a5d2f\" data-element_type=\"widget\" data-e-type=\"widget\" data-widget_type=\"button.default\">\n\t\t\t\t\t\t\t\t\t\t<a class=\"elementor-button elementor-button-link elementor-size-sm\" href=\"https:\/\/s.shopee.com.br\/5L5ztPh4xY\">\n\t\t\t\t\t\t<span class=\"elementor-button-content-wrapper\">\n\t\t\t\t\t\t\t\t\t<span class=\"elementor-button-text\">Comprar<\/span>\n\t\t\t\t\t<\/span>\n\t\t\t\t\t<\/a>\n\t\t\t\t\t\t\t\t<\/div>\n\t\t\t\t<\/div>\n\t\t<div class=\"elementor-element elementor-element-e8843d0 e-con-full e-flex e-con e-child\" data-id=\"e8843d0\" data-element_type=\"container\" data-e-type=\"container\">\n\t\t<div class=\"elementor-element elementor-element-52e2268 e-con-full e-flex e-con e-child\" data-id=\"52e2268\" data-element_type=\"container\" data-e-type=\"container\">\n\t\t\t\t<div class=\"elementor-element elementor-element-cee3f7a elementor-position-top elementor-widget elementor-widget-image-box\" data-id=\"cee3f7a\" data-element_type=\"widget\" data-e-type=\"widget\" data-widget_type=\"image-box.default\">\n\t\t\t\t\t<div class=\"elementor-image-box-wrapper\"><figure class=\"elementor-image-box-img\"><img loading=\"lazy\" decoding=\"async\" width=\"448\" height=\"446\" src=\"https:\/\/seivadartes.com.br\/wp-content\/uploads\/2026\/01\/toalhas.jpg\" class=\"elementor-animation-float attachment-full size-full wp-image-2054\" alt=\"\" \/><\/figure><div class=\"elementor-image-box-content\"><h3 class=\"elementor-image-box-title\">R$ 65,90<\/h3><p class=\"elementor-image-box-description\"><span style=\", Helvetica, Arial, sans-serif;font-size: 14px;text-align: start\">Kit 6 Toalha de Banho Grande Macia Premium 100% Algod\u00e3o<\/span><\/p><\/div><\/div>\t\t\t\t<\/div>\n\t\t\t\t<\/div>\n\t\t\t\t<div class=\"elementor-element elementor-element-03bbde5 elementor-align-center elementor-widget elementor-widget-button\" data-id=\"03bbde5\" data-element_type=\"widget\" data-e-type=\"widget\" data-widget_type=\"button.default\">\n\t\t\t\t\t\t\t\t\t\t<a class=\"elementor-button elementor-button-link elementor-size-sm\" href=\"https:\/\/s.shopee.com.br\/1gCmFDy1vb\">\n\t\t\t\t\t\t<span class=\"elementor-button-content-wrapper\">\n\t\t\t\t\t\t\t\t\t<span class=\"elementor-button-text\">Comprar<\/span>\n\t\t\t\t\t<\/span>\n\t\t\t\t\t<\/a>\n\t\t\t\t\t\t\t\t<\/div>\n\t\t\t\t<\/div>\n\t\t<div class=\"elementor-element elementor-element-f57acf0 e-con-full e-flex e-con e-child\" data-id=\"f57acf0\" data-element_type=\"container\" data-e-type=\"container\">\n\t\t<div class=\"elementor-element elementor-element-8c874da e-con-full e-flex e-con e-child\" data-id=\"8c874da\" data-element_type=\"container\" data-e-type=\"container\">\n\t\t\t\t<div class=\"elementor-element elementor-element-2a1c44f elementor-position-top elementor-widget elementor-widget-image-box\" data-id=\"2a1c44f\" data-element_type=\"widget\" data-e-type=\"widget\" data-widget_type=\"image-box.default\">\n\t\t\t\t\t<div class=\"elementor-image-box-wrapper\"><figure class=\"elementor-image-box-img\"><img loading=\"lazy\" decoding=\"async\" width=\"449\" height=\"450\" src=\"https:\/\/seivadartes.com.br\/wp-content\/uploads\/2026\/01\/Ventilador-teto.jpg\" class=\"elementor-animation-float attachment-full size-full wp-image-2055\" alt=\"\" \/><\/figure><div class=\"elementor-image-box-content\"><h3 class=\"elementor-image-box-title\">R$ 67,99    -55%<\/h3><p class=\"elementor-image-box-description\">Ventilador de Teto com Lampada LED Integrada Bocal E27 6 P\u00e9talas 60w 3 Velocidades C Controle Remoto<\/p><\/div><\/div>\t\t\t\t<\/div>\n\t\t\t\t<\/div>\n\t\t\t\t<div class=\"elementor-element elementor-element-f9ed48a elementor-align-center elementor-widget elementor-widget-button\" data-id=\"f9ed48a\" data-element_type=\"widget\" data-e-type=\"widget\" data-widget_type=\"button.default\">\n\t\t\t\t\t\t\t\t\t\t<a class=\"elementor-button elementor-button-link elementor-size-sm\" href=\"https:\/\/s.shopee.com.br\/9KcBJ1Iux8\">\n\t\t\t\t\t\t<span class=\"elementor-button-content-wrapper\">\n\t\t\t\t\t\t\t\t\t<span class=\"elementor-button-text\">Comprar<\/span>\n\t\t\t\t\t<\/span>\n\t\t\t\t\t<\/a>\n\t\t\t\t\t\t\t\t<\/div>\n\t\t\t\t<\/div>\n\t\t<div class=\"elementor-element elementor-element-0a0a39f e-con-full e-flex e-con e-child\" data-id=\"0a0a39f\" data-element_type=\"container\" data-e-type=\"container\">\n\t\t<div class=\"elementor-element elementor-element-eadd138 e-con-full e-flex e-con e-child\" data-id=\"eadd138\" data-element_type=\"container\" data-e-type=\"container\">\n\t\t\t\t<div class=\"elementor-element elementor-element-5232001 elementor-position-top elementor-widget elementor-widget-image-box\" data-id=\"5232001\" data-element_type=\"widget\" data-e-type=\"widget\" data-widget_type=\"image-box.default\">\n\t\t\t\t\t<div class=\"elementor-image-box-wrapper\"><figure class=\"elementor-image-box-img\"><img loading=\"lazy\" decoding=\"async\" width=\"400\" height=\"424\" src=\"https:\/\/seivadartes.com.br\/wp-content\/uploads\/2026\/01\/Mochila-Escolar.jpg\" class=\"elementor-animation-float attachment-full size-full wp-image-2060\" alt=\"\" \/><\/figure><div class=\"elementor-image-box-content\"><h3 class=\"elementor-image-box-title\">R$ 57,89    -63%<\/h3><p class=\"elementor-image-box-description\">Mochila feminina casual e vers\u00e1til leve e \u00e0 prova d'\u00e1gua com grande capacidade para estudantes<\/p><\/div><\/div>\t\t\t\t<\/div>\n\t\t\t\t<\/div>\n\t\t\t\t<div class=\"elementor-element elementor-element-c9ec4cb elementor-align-center elementor-widget elementor-widget-button\" data-id=\"c9ec4cb\" data-element_type=\"widget\" data-e-type=\"widget\" data-widget_type=\"button.default\">\n\t\t\t\t\t\t\t\t\t\t<a class=\"elementor-button elementor-button-link elementor-size-sm\" href=\"https:\/\/s.shopee.com.br\/qddGIlCSl\">\n\t\t\t\t\t\t<span class=\"elementor-button-content-wrapper\">\n\t\t\t\t\t\t\t\t\t<span class=\"elementor-button-text\">Comprar<\/span>\n\t\t\t\t\t<\/span>\n\t\t\t\t\t<\/a>\n\t\t\t\t\t\t\t\t<\/div>\n\t\t\t\t<\/div>\n\t\t<div class=\"elementor-element elementor-element-29e24c3 e-con-full e-flex e-con e-child\" data-id=\"29e24c3\" data-element_type=\"container\" data-e-type=\"container\">\n\t\t<div class=\"elementor-element elementor-element-f5a8079 e-con-full e-flex e-con e-child\" data-id=\"f5a8079\" data-element_type=\"container\" data-e-type=\"container\">\n\t\t\t\t<div class=\"elementor-element elementor-element-7ff95c0 elementor-position-top elementor-widget elementor-widget-image-box\" data-id=\"7ff95c0\" data-element_type=\"widget\" data-e-type=\"widget\" data-widget_type=\"image-box.default\">\n\t\t\t\t\t<div class=\"elementor-image-box-wrapper\"><figure class=\"elementor-image-box-img\"><img loading=\"lazy\" decoding=\"async\" width=\"447\" height=\"452\" src=\"https:\/\/seivadartes.com.br\/wp-content\/uploads\/2026\/01\/Cortina.jpg\" class=\"elementor-animation-float attachment-full size-full wp-image-2061\" alt=\"\" \/><\/figure><div class=\"elementor-image-box-content\"><h3 class=\"elementor-image-box-title\">R$ 32,99    -28%<\/h3><p class=\"elementor-image-box-description\">Cortina Blackout Para Quarto Sala Cozinha PVC Corta 100% Luz 2,80 Largura X 2,30 Altura<\/p><\/div><\/div>\t\t\t\t<\/div>\n\t\t\t\t<\/div>\n\t\t\t\t<div class=\"elementor-element elementor-element-76fb48c elementor-align-center elementor-widget elementor-widget-button\" data-id=\"76fb48c\" data-element_type=\"widget\" data-e-type=\"widget\" data-widget_type=\"button.default\">\n\t\t\t\t\t\t\t\t\t\t<a class=\"elementor-button elementor-button-link elementor-size-sm\" href=\"https:\/\/s.shopee.com.br\/1BGTfJDyI3\">\n\t\t\t\t\t\t<span class=\"elementor-button-content-wrapper\">\n\t\t\t\t\t\t\t\t\t<span class=\"elementor-button-text\">Comprar<\/span>\n\t\t\t\t\t<\/span>\n\t\t\t\t\t<\/a>\n\t\t\t\t\t\t\t\t<\/div>\n\t\t\t\t<\/div>\n\t\t\t\t\t<\/div>\n\t\t\t\t<\/div>\n\t\t\t\t<\/div>\n\t\t","protected":false},"excerpt":{"rendered":"<p>Seivadartes AFILIADO CRIADOR &#8211; Divulga\u00e7\u00e3o de produtos da plataforma. Compartilhe &#8211; Utilidades Veja produtos facilitadores de tarefas do seu dia a dia.. Conhe\u00e7a-nos! Siga-nos para ver as op\u00e7\u00f5es e utilidades dos produtos. R$ 28,96 -59% Extens\u00e3o 5 Tomadas 4 USB 2 TypeC Universal Bivolt 110v\/220v 2500W Power 2m Filtro de Linha Seguran\u00e7a Comprar R$ 17,88 [&hellip;]<\/p>\n","protected":false},"author":1,"featured_media":0,"parent":0,"menu_order":0,"comment_status":"closed","ping_status":"closed","template":"templates\/template-page-full-width.php","meta":{"footnotes":""},"class_list":["post-159","page","type-page","status-publish","hentry"],"_links":{"self":[{"href":"https:\/\/seivadartes.com.br\/index.php?rest_route=\/wp\/v2\/pages\/159","targetHints":{"allow":["GET"]}}],"collection":[{"href":"https:\/\/seivadartes.com.br\/index.php?rest_route=\/wp\/v2\/pages"}],"about":[{"href":"https:\/\/seivadartes.com.br\/index.php?rest_route=\/wp\/v2\/types\/page"}],"author":[{"embeddable":true,"href":"https:\/\/seivadartes.com.br\/index.php?rest_route=\/wp\/v2\/users\/1"}],"replies":[{"embeddable":true,"href":"https:\/\/seivadartes.com.br\/index.php?rest_route=%2Fwp%2Fv2%2Fcomments&post=159"}],"version-history":[{"count":548,"href":"https:\/\/seivadartes.com.br\/index.php?rest_route=\/wp\/v2\/pages\/159\/revisions"}],"predecessor-version":[{"id":2280,"href":"https:\/\/seivadartes.com.br\/index.php?rest_route=\/wp\/v2\/pages\/159\/revisions\/2280"}],"wp:attachment":[{"href":"https:\/\/seivadartes.com.br\/index.php?rest_route=%2Fwp%2Fv2%2Fmedia&parent=159"}],"curies":[{"name":"wp","href":"https:\/\/api.w.org\/{rel}","templated":true}]}}