{"id":13,"date":"2023-07-14T21:16:07","date_gmt":"2023-07-15T00:16:07","guid":{"rendered":"http:\/\/localhost\/seiva2026\/?page_id=13"},"modified":"2023-08-23T16:26:59","modified_gmt":"2023-08-23T19:26:59","slug":"parcerias","status":"publish","type":"page","link":"https:\/\/seivadartes.com.br\/?page_id=13","title":{"rendered":"Parcerias"},"content":{"rendered":"\n<div style=\"height:100px\" aria-hidden=\"true\" class=\"wp-block-spacer\"><\/div>\n\n\n\n<h2 class=\"wp-block-heading has-vivid-red-color has-text-color\" style=\"font-size:22px\">Formas de Trabalho<br><\/h2>\n\n\n\n<h2 class=\"wp-block-heading\" id=\"block-fa870f8c-378b-48bc-b213-0450de69e23d\" style=\"font-size:16px\"><insertspecialcharacters>\u2713<\/insertspecialcharacters>  Atrav\u00e9s de Contrato de Presta\u00e7\u00e3o de Servi\u00e7os<br><insertspecialcharacters>\u2713<\/insertspecialcharacters>  Terceiriza\u00e7\u00e3o em Parcerias Empresarias<br><insertspecialcharacters>\u2713<\/insertspecialcharacters>  Profissionais Aut\u00f4nomos<br><insertspecialcharacters>\u2713<\/insertspecialcharacters>  Desenvolvimento pr\u00f3prio<br><insertspecialcharacters>\u2713<\/insertspecialcharacters>  Subloca\u00e7\u00e3o de m\u00e3o de obra<\/h2>\n\n\n\n<p class=\"has-text-align-center has-vivid-red-color has-white-background-color has-text-color has-background has-medium-font-size\"><strong>Compartilhando experi\u00eancias e conhecimentos com nossos parceiros<\/strong><\/p>\n\n\n<style id=\"wp_carousel_dynamic_css178\">.sp-wp-carousel-free-id-178.wpcf-fancybox-wrapper .fancybox-bg{background: #0b0b0b;opacity: 0.8;}.sp-wp-carousel-free-id-178.wpcf-fancybox-wrapper .fancybox-navigation .fancybox-button .wpcp-fancybox-nav-arrow i {color: #ccc;}.sp-wp-carousel-free-id-178.wpcf-fancybox-wrapper .fancybox-navigation .fancybox-button .wpcp-fancybox-nav-arrow i:hover {color: #fff;}.sp-wp-carousel-free-id-178.wpcf-fancybox-wrapper .fancybox-navigation .fancybox-button {background: #1e1e1e;}.sp-wp-carousel-free-id-178.wpcf-fancybox-wrapper .fancybox-navigation .fancybox-button:hover {background: #1e1e1e;}#sp-wp-carousel-free-id-178 .wpcp-swiper-dots {margin: 40px 0px 0px 0px;}.wpcp-wrapper-178 .swiper-wrapper .swiper-slide-kenburn, .wpcp-wrapper-178 .swiper-wrapper, .wpcp-wrapper-178 .wpcpro-row{align-items: center;}#sp-wp-carousel-free-id-178 .wpcp-single-item {box-shadow: 0px 0px 0px 0px #dddddd;transition: all .3s;margin: 0px;}#sp-wp-carousel-free-id-178.swiper-flip .wpcp-single-item{margin: 0!important;}#sp-wp-carousel-free-id-178 .wpcp-single-item:hover {box-shadow: 0px 0px 0px 0px #dddddd;}#sp-wp-carousel-free-id-178.sp-wpcp-178 .wpcp-single-item {border: 1px solid #dddddd;}#sp-wp-carousel-free-id-178.sp-wpcp-178 .swiper-button-prev,#sp-wp-carousel-free-id-178.sp-wpcp-178 .swiper-button-next,#sp-wp-carousel-free-id-178.sp-wpcp-178 .swiper-button-prev:hover,#sp-wp-carousel-free-id-178.sp-wpcp-178 .swiper-button-next:hover {background: none;border: none;font-size: 30px;}#sp-wp-carousel-free-id-178.sp-wpcp-178 .swiper-button-prev i,#sp-wp-carousel-free-id-178.sp-wpcp-178 .swiper-button-next i {color: #aaa;}#sp-wp-carousel-free-id-178.sp-wpcp-178 .swiper-button-prev i:hover,#sp-wp-carousel-free-id-178.sp-wpcp-178 .swiper-button-next i:hover {color: #178087;}#sp-wp-carousel-free-id-178.sp-wpcp-178 .wpcp-swiper-dots .swiper-pagination-bullet {background-color: #cccccc;}#sp-wp-carousel-free-id-178.sp-wpcp-178 .wpcp-swiper-dots .swiper-pagination-bullet.swiper-pagination-bullet-active {background-color: #178087;} #sp-wp-carousel-free-id-178.sp-wpcp-178.wpcp-image-carousel .wpcp-single-item:hover img, #sp-wp-carousel-free-id-178.sp-wpcp-178.wpcp-post-carousel .wpcp-single-item:hover img, #sp-wp-carousel-free-id-178.sp-wpcp-178.wpcp-product-carousel .wpcp-single-item:hover img{-webkit-transform: scale(1.2);-moz-transform: scale(1.2);transform: scale(1.2);}@media screen and (max-width: 479px) {#sp-wp-carousel-free-id-178.nav-vertical-center {padding: 0;margin:0;}#sp-wp-carousel-free-id-178.nav-vertical-center .wpcp-next-button,#sp-wp-carousel-free-id-178.nav-vertical-center .wpcp-prev-button {display: none;}}#sp-wp-carousel-free-id-178 .wpcpro-row>[class*=\"wpcpro-col-\"] { padding: 0 10px; padding-bottom: 20px;} #sp-wp-carousel-free-id-178 .swiper-slide .single-item-fade:not(:last-child) { margin-right: 20px;}@media (min-width: 480px) { .wpcpro-row .wpcpro-col-sm-1 { flex: 0 0 100%; max-width: 100%; } .wpcpro-row .wpcpro-col-sm-2 { flex: 0 0 50%; max-width: 50%; } .wpcpro-row .wpcpro-col-sm-2-5 { flex: 0 0 75%; max-width: 75%; } .wpcpro-row .wpcpro-col-sm-3 { flex: 0 0 33.333%; max-width: 33.333%; } .wpcpro-row .wpcpro-col-sm-4 { flex: 0 0 25%; max-width: 25%; } .wpcpro-row .wpcpro-col-sm-5 { flex: 0 0 20%; max-width: 20%; } .wpcpro-row .wpcpro-col-sm-6 { flex: 0 0 16.66666666666667%; max-width: 16.66666666666667%; } .wpcpro-row .wpcpro-col-sm-7 { flex: 0 0 14.28571428%; max-width: 14.28571428%; } .wpcpro-row .wpcpro-col-sm-8 { flex: 0 0 12.5%; max-width: 12.5%; } } @media (max-width: 480px) { .wpcpro-row .wpcpro-col-xs-1 { flex: 0 0 100%; max-width: 100%; } .wpcpro-row .wpcpro-col-xs-2 { flex: 0 0 50%; max-width: 50%; } .wpcpro-row .wpcpro-col-xs-3 { flex: 0 0 33.222%; max-width: 33.222%; } .wpcpro-row .wpcpro-col-xs-4 { flex: 0 0 25%; max-width: 25%; } .wpcpro-row .wpcpro-col-xs-5 { flex: 0 0 20%; max-width: 20%; } .wpcpro-row .wpcpro-col-xs-6 { flex: 0 0 16.6667%; max-width: 16.6667%; } .wpcpro-row .wpcpro-col-xs-7 { flex: 0 0 14.28571428%; max-width: 14.28571428%; } .wpcpro-row .wpcpro-col-xs-8 { flex: 0 0 12.5%; max-width: 12.5%; } } @media (min-width: 736px) { .wpcpro-row .wpcpro-col-md-1 { flex: 0 0 100%; max-width: 100%; } .wpcpro-row .wpcpro-col-md-2 { flex: 0 0 50%; max-width: 50%; } .wpcpro-row .wpcpro-col-md-2-5 { flex: 0 0 75%; max-width: 75%; } .wpcpro-row .wpcpro-col-md-3 { flex: 0 0 33.333%; max-width: 33.333%; } .wpcpro-row .wpcpro-col-md-4 { flex: 0 0 25%; max-width: 25%; } .wpcpro-row .wpcpro-col-md-5 { flex: 0 0 20%; max-width: 20%; } .wpcpro-row .wpcpro-col-md-6 { flex: 0 0 16.66666666666667%; max-width: 16.66666666666667%; } .wpcpro-row .wpcpro-col-md-7 { flex: 0 0 14.28571428%; max-width: 14.28571428%; } .wpcpro-row .wpcpro-col-md-8 { flex: 0 0 12.5%; max-width: 12.5%; } } @media (min-width: 980px) { .wpcpro-row .wpcpro-col-lg-1 { flex: 0 0 100%; max-width: 100%; } .wpcpro-row .wpcpro-col-lg-2 { flex: 0 0 50%; max-width: 50%; } .wpcpro-row .wpcpro-col-lg-3 { flex: 0 0 33.222%; max-width: 33.222%; } .wpcpro-row .wpcpro-col-lg-4 { flex: 0 0 25%; max-width: 25%; } .wpcpro-row .wpcpro-col-lg-5 { flex: 0 0 20%; max-width: 20%; } .wpcpro-row .wpcpro-col-lg-6 { flex: 0 0 16.6667%; max-width: 16.6667%; } .wpcpro-row .wpcpro-col-lg-7 { flex: 0 0 14.28571428%; max-width: 14.28571428%; } .wpcpro-row .wpcpro-col-lg-8 { flex: 0 0 12.5%; max-width: 12.5%; } } @media (min-width: 1200px) { .wpcpro-row .wpcpro-col-xl-1 { flex: 0 0 100%; max-width: 100%; } .wpcpro-row .wpcpro-col-xl-2 { flex: 0 0 50%; max-width: 50%; } .wpcpro-row .wpcpro-col-xl-3 { flex: 0 0 33.22222222%; max-width: 33.22222222%; } .wpcpro-row .wpcpro-col-xl-4 { flex: 0 0 25%; max-width: 25%; } .wpcpro-row .wpcpro-col-xl-5 { flex: 0 0 20%; max-width: 20%; } .wpcpro-row .wpcpro-col-xl-6 { flex: 0 0 16.66667%; max-width: 16.66667%; } .wpcpro-row .wpcpro-col-xl-7 { flex: 0 0 14.28571428%; max-width: 14.28571428%; } .wpcpro-row .wpcpro-col-xl-8 { flex: 0 0 12.5%; max-width: 12.5%; } }<\/style><div class=\"wpcp-carousel-wrapper wpcp-wrapper-178\">\n\t<div id=\"wpcp-preloader-178\" class=\"wpcp-carousel-preloader\"><img decoding=\"async\" src=\"https:\/\/seivadartes.com.br\/wp-content\/plugins\/wp-carousel-free\/public\/css\/spinner.svg\" alt=\"Preloader Image\" \/><\/div>\t<div class=\"wpcp-carousel-content-wrapper\">\n\t<div id=\"sp-wp-carousel-free-id-178\" class=\"wpcp-carousel-section sp-wpcp-178  nav-vertical-center wpcp-image-carousel wpcp-preloader wpcp-standard\" data-swiper='{ &quot;pagination_type&quot;: &quot;dots&quot;,&quot;accessibility&quot;:true, &quot;spaceBetween&quot;:20, &quot;arrows&quot;:true, &quot;freeMode&quot;: false, &quot;autoplay&quot;:true, &quot;effect&quot;: &quot;&quot;, &quot;centerMode&quot;: false, &quot;autoplaySpeed&quot;:3000, &quot;dots&quot;:true, &quot;infinite&quot;:true, &quot;speed&quot;:600, &quot;pauseOnHover&quot;:true,\n\t\t\t&quot;slidesToShow&quot;:{&quot;lg_desktop&quot;:5, &quot;desktop&quot;: 4, &quot;laptop&quot;: 3, &quot;tablet&quot;: 2, &quot;mobile&quot;: 1}, &quot;responsive&quot;:{&quot;desktop&quot;:1200, &quot;laptop&quot;: 980, &quot;tablet&quot;: 736, &quot;mobile&quot;: 480}, &quot;rtl&quot;:false, &quot;lazyLoad&quot;: &quot;false&quot;, &quot;swipe&quot;: true, &quot;draggable&quot;: true, &quot;swipeToSlide&quot;:false }' dir=\"ltr\">\n\t\t<div class=\"swiper-wrapper\">\n\t\t<div class=\"swiper-slide\">\n\t<div class=\"wpcp-single-item\">\n\t\t\t<a class=\"wcp-light-box\" data-buttons='[\"close\"]' data-wpc_url='https:\/\/seivadartes.com.br\/wp-content\/uploads\/2023\/07\/logo_potyguara-1.jpg' href=\"https:\/\/seivadartes.com.br\/wp-content\/uploads\/2023\/07\/logo_potyguara-1.jpg\" data-fancybox=\"wpcp_view\">\n\t\t<figure>\n\t\t\t<img decoding=\"async\" class=\"skip-lazy\" src=\"https:\/\/seivadartes.com.br\/wp-content\/uploads\/2023\/07\/logo_potyguara-1.jpg\" alt=\"logo_potyguara\" width=\"250\" height=\"91\">\t\t<\/figure>\n\t<\/a>\n\t\t<\/div>\n<\/div>\n\t<div class=\"swiper-slide\">\n\t<div class=\"wpcp-single-item\">\n\t\t\t<a class=\"wcp-light-box\" data-buttons='[\"close\"]' data-wpc_url='https:\/\/seivadartes.com.br\/wp-content\/uploads\/2023\/07\/logo_pendaoreal.jpg' href=\"https:\/\/seivadartes.com.br\/wp-content\/uploads\/2023\/07\/logo_pendaoreal.jpg\" data-fancybox=\"wpcp_view\">\n\t\t<figure>\n\t\t\t<img decoding=\"async\" class=\"skip-lazy\" src=\"https:\/\/seivadartes.com.br\/wp-content\/uploads\/2023\/07\/logo_pendaoreal.jpg\" alt=\"logo_pendaoreal\" width=\"180\" height=\"64\">\t\t<\/figure>\n\t<\/a>\n\t\t<\/div>\n<\/div>\n\t<div class=\"swiper-slide\">\n\t<div class=\"wpcp-single-item\">\n\t\t\t<a class=\"wcp-light-box\" data-buttons='[\"close\"]' data-wpc_url='https:\/\/seivadartes.com.br\/wp-content\/uploads\/2023\/07\/logo_conectcar.jpg' href=\"https:\/\/seivadartes.com.br\/wp-content\/uploads\/2023\/07\/logo_conectcar.jpg\" data-fancybox=\"wpcp_view\">\n\t\t<figure>\n\t\t\t<img decoding=\"async\" class=\"skip-lazy\" src=\"https:\/\/seivadartes.com.br\/wp-content\/uploads\/2023\/07\/logo_conectcar.jpg\" alt=\"logo_conectcar\" width=\"180\" height=\"80\">\t\t<\/figure>\n\t<\/a>\n\t\t<\/div>\n<\/div>\n\t<div class=\"swiper-slide\">\n\t<div class=\"wpcp-single-item\">\n\t\t\t<a class=\"wcp-light-box\" data-buttons='[\"close\"]' data-wpc_url='https:\/\/seivadartes.com.br\/wp-content\/uploads\/2023\/07\/logo_seiva_pq-p.jpg' href=\"https:\/\/seivadartes.com.br\/wp-content\/uploads\/2023\/07\/logo_seiva_pq-p.jpg\" data-fancybox=\"wpcp_view\">\n\t\t<figure>\n\t\t\t<img loading=\"lazy\" decoding=\"async\" class=\"skip-lazy\" src=\"https:\/\/seivadartes.com.br\/wp-content\/uploads\/2023\/07\/logo_seiva_pq-p.jpg\" alt=\"logo_seiva_pq-p\" width=\"160\" height=\"92\">\t\t<\/figure>\n\t<\/a>\n\t\t<\/div>\n<\/div>\n\t<div class=\"swiper-slide\">\n\t<div class=\"wpcp-single-item\">\n\t\t\t<a class=\"wcp-light-box\" data-buttons='[\"close\"]' data-wpc_url='https:\/\/seivadartes.com.br\/wp-content\/uploads\/2023\/08\/ceccad_400x240.jpg' href=\"https:\/\/seivadartes.com.br\/wp-content\/uploads\/2023\/08\/ceccad_400x240.jpg\" data-fancybox=\"wpcp_view\">\n\t\t<figure>\n\t\t\t<img loading=\"lazy\" decoding=\"async\" class=\"skip-lazy\" src=\"https:\/\/seivadartes.com.br\/wp-content\/uploads\/2023\/08\/ceccad_400x240.jpg\" alt=\"ceccad_400x240\" width=\"400\" height=\"240\">\t\t<\/figure>\n\t<\/a>\n\t\t<\/div>\n<\/div>\n\t<div class=\"swiper-slide\">\n\t<div class=\"wpcp-single-item\">\n\t\t\t<a class=\"wcp-light-box\" data-buttons='[\"close\"]' data-wpc_url='https:\/\/seivadartes.com.br\/wp-content\/uploads\/2023\/08\/logo_cantareira-e-ceccad_h.png' href=\"https:\/\/seivadartes.com.br\/wp-content\/uploads\/2023\/08\/logo_cantareira-e-ceccad_h.png\" data-fancybox=\"wpcp_view\">\n\t\t<figure>\n\t\t\t<img loading=\"lazy\" decoding=\"async\" class=\"skip-lazy\" src=\"https:\/\/seivadartes.com.br\/wp-content\/uploads\/2023\/08\/logo_cantareira-e-ceccad_h.png\" alt=\"logo_cantareira e ceccad_h\" width=\"585\" height=\"146\">\t\t<\/figure>\n\t<\/a>\n\t\t<\/div>\n<\/div>\n\t<div class=\"swiper-slide\">\n\t<div class=\"wpcp-single-item\">\n\t\t\t<a class=\"wcp-light-box\" data-buttons='[\"close\"]' data-wpc_url='https:\/\/seivadartes.com.br\/wp-content\/uploads\/2023\/08\/logo_floema.png' href=\"https:\/\/seivadartes.com.br\/wp-content\/uploads\/2023\/08\/logo_floema.png\" data-fancybox=\"wpcp_view\">\n\t\t<figure>\n\t\t\t<img loading=\"lazy\" decoding=\"async\" class=\"skip-lazy\" src=\"https:\/\/seivadartes.com.br\/wp-content\/uploads\/2023\/08\/logo_floema.png\" alt=\"logo_floema\" width=\"331\" height=\"154\">\t\t<\/figure>\n\t<\/a>\n\t\t<\/div>\n<\/div>\n\t<div class=\"swiper-slide\">\n\t<div class=\"wpcp-single-item\">\n\t\t\t<a class=\"wcp-light-box\" data-buttons='[\"close\"]' data-wpc_url='https:\/\/seivadartes.com.br\/wp-content\/uploads\/2023\/08\/logo-ipu.jpg' href=\"https:\/\/seivadartes.com.br\/wp-content\/uploads\/2023\/08\/logo-ipu.jpg\" data-fancybox=\"wpcp_view\">\n\t\t<figure>\n\t\t\t<img loading=\"lazy\" decoding=\"async\" class=\"skip-lazy\" src=\"https:\/\/seivadartes.com.br\/wp-content\/uploads\/2023\/08\/logo-ipu.jpg\" alt=\"logo ipu\" width=\"120\" height=\"176\">\t\t<\/figure>\n\t<\/a>\n\t\t<\/div>\n<\/div>\n\t<div class=\"swiper-slide\">\n\t<div class=\"wpcp-single-item\">\n\t\t\t<a class=\"wcp-light-box\" data-buttons='[\"close\"]' data-wpc_url='https:\/\/seivadartes.com.br\/wp-content\/uploads\/2023\/08\/logo-ipib.jpg' href=\"https:\/\/seivadartes.com.br\/wp-content\/uploads\/2023\/08\/logo-ipib.jpg\" data-fancybox=\"wpcp_view\">\n\t\t<figure>\n\t\t\t<img loading=\"lazy\" decoding=\"async\" class=\"skip-lazy\" src=\"https:\/\/seivadartes.com.br\/wp-content\/uploads\/2023\/08\/logo-ipib.jpg\" alt=\"logo ipib\" width=\"120\" height=\"169\">\t\t<\/figure>\n\t<\/a>\n\t\t<\/div>\n<\/div>\n\t<div class=\"swiper-slide\">\n\t<div class=\"wpcp-single-item\">\n\t\t\t<a class=\"wcp-light-box\" data-buttons='[\"close\"]' data-wpc_url='https:\/\/seivadartes.com.br\/wp-content\/uploads\/2023\/08\/logo-ipib-01.jpg' href=\"https:\/\/seivadartes.com.br\/wp-content\/uploads\/2023\/08\/logo-ipib-01.jpg\" data-fancybox=\"wpcp_view\">\n\t\t<figure>\n\t\t\t<img loading=\"lazy\" decoding=\"async\" class=\"skip-lazy\" src=\"https:\/\/seivadartes.com.br\/wp-content\/uploads\/2023\/08\/logo-ipib-01.jpg\" alt=\"logo-ipib-01\" width=\"266\" height=\"166\">\t\t<\/figure>\n\t<\/a>\n\t\t<\/div>\n<\/div>\n\t<div class=\"swiper-slide\">\n\t<div class=\"wpcp-single-item\">\n\t\t\t<a class=\"wcp-light-box\" data-buttons='[\"close\"]' data-wpc_url='https:\/\/seivadartes.com.br\/wp-content\/uploads\/2023\/08\/Logo-Agritehmap-1.png' href=\"https:\/\/seivadartes.com.br\/wp-content\/uploads\/2023\/08\/Logo-Agritehmap-1.png\" data-fancybox=\"wpcp_view\">\n\t\t<figure>\n\t\t\t<img loading=\"lazy\" decoding=\"async\" class=\"skip-lazy\" src=\"https:\/\/seivadartes.com.br\/wp-content\/uploads\/2023\/08\/Logo-Agritehmap-1.png\" alt=\"Logo-Agritehmap\" width=\"400\" height=\"215\">\t\t<\/figure>\n\t<\/a>\n\t\t<\/div>\n<\/div>\n\t\t\t<\/div>\n\t\t\t\t\t<div class=\"wpcp-swiper-dots swiper-pagination\"><\/div>\n\t\t\t\t<!-- If we need navigation buttons -->\n\t\t\t\t\t<div class=\"wpcp-prev-button swiper-button-prev\"><i class=\"fa fa-angle-left\"><\/i><\/div>\n\t\t\t<div class=\"wpcp-next-button swiper-button-next\"><i class=\"fa fa-angle-right\"><\/i><\/div>\n\t\t\t<\/div>\n\t<\/div>\n<\/div>\n\n","protected":false},"excerpt":{"rendered":"<p>Formas de Trabalho \u2713 Atrav\u00e9s de Contrato de Presta\u00e7\u00e3o de Servi\u00e7os\u2713 Terceiriza\u00e7\u00e3o em Parcerias Empresarias\u2713 Profissionais Aut\u00f4nomos\u2713 Desenvolvimento pr\u00f3prio\u2713 Subloca\u00e7\u00e3o de m\u00e3o de obra Compartilhando experi\u00eancias e conhecimentos com nossos parceiros<\/p>\n","protected":false},"author":1,"featured_media":0,"parent":0,"menu_order":0,"comment_status":"closed","ping_status":"closed","template":"templates\/template-page-full-width.php","meta":{"footnotes":""},"class_list":["post-13","page","type-page","status-publish","hentry"],"_links":{"self":[{"href":"https:\/\/seivadartes.com.br\/index.php?rest_route=\/wp\/v2\/pages\/13","targetHints":{"allow":["GET"]}}],"collection":[{"href":"https:\/\/seivadartes.com.br\/index.php?rest_route=\/wp\/v2\/pages"}],"about":[{"href":"https:\/\/seivadartes.com.br\/index.php?rest_route=\/wp\/v2\/types\/page"}],"author":[{"embeddable":true,"href":"https:\/\/seivadartes.com.br\/index.php?rest_route=\/wp\/v2\/users\/1"}],"replies":[{"embeddable":true,"href":"https:\/\/seivadartes.com.br\/index.php?rest_route=%2Fwp%2Fv2%2Fcomments&post=13"}],"version-history":[{"count":44,"href":"https:\/\/seivadartes.com.br\/index.php?rest_route=\/wp\/v2\/pages\/13\/revisions"}],"predecessor-version":[{"id":1505,"href":"https:\/\/seivadartes.com.br\/index.php?rest_route=\/wp\/v2\/pages\/13\/revisions\/1505"}],"wp:attachment":[{"href":"https:\/\/seivadartes.com.br\/index.php?rest_route=%2Fwp%2Fv2%2Fmedia&parent=13"}],"curies":[{"name":"wp","href":"https:\/\/api.w.org\/{rel}","templated":true}]}}